{"id":468,"date":"2018-04-24T22:29:14","date_gmt":"2018-04-24T20:29:14","guid":{"rendered":"http:\/\/smzacisze.pl\/?page_id=468"},"modified":"2025-05-05T12:41:38","modified_gmt":"2025-05-05T10:41:38","slug":"walne-zgromadzenie-2020","status":"publish","type":"page","link":"https:\/\/smzacisze.pl\/index.php\/walne-zgromadzenie-2020\/","title":{"rendered":"Walne Zgromadzenie 2025"},"content":{"rendered":"<div class=\"ui-row row\">\n <div   class=\"ui-column span3\"><div id=\"nav_menu-3\" class=\"widget widget_nav_menu\"><h4 class=\"sidebar-widget-title ui--widget-title\"><span>SM ZACISZE<\/span><\/h4><div class=\"menu-spoldzielnia-container\"><ul id=\"menu-spoldzielnia\" class=\"menu\"><li id=\"menu-item-26\" class=\"menu-item menu-item-type-post_type menu-item-object-page menu-item-home menu-item-26\"><a href=\"https:\/\/smzacisze.pl\/\">Strona G\u0142\u00f3wna<\/a><\/li>\n<li id=\"menu-item-25\" class=\"menu-item menu-item-type-post_type menu-item-object-page menu-item-25\"><a href=\"https:\/\/smzacisze.pl\/index.php\/historia\/\">Historia<\/a><\/li>\n<li id=\"menu-item-24\" class=\"menu-item menu-item-type-post_type menu-item-object-page menu-item-24\"><a href=\"https:\/\/smzacisze.pl\/index.php\/zycie-spoldzielni\/\">\u017bycie Sp\u00f3\u0142dzielni<\/a><\/li>\n<li id=\"menu-item-23\" class=\"menu-item menu-item-type-post_type menu-item-object-page menu-item-23\"><a href=\"https:\/\/smzacisze.pl\/index.php\/organy-spoldzielni\/\">Organy Sp\u00f3\u0142dzielni<\/a><\/li>\n<li id=\"menu-item-22\" class=\"menu-item menu-item-type-post_type menu-item-object-page menu-item-22\"><a href=\"https:\/\/smzacisze.pl\/index.php\/kontakty\/\">Kontakt<\/a><\/li>\n<li id=\"menu-item-1834\" class=\"menu-item menu-item-type-post_type menu-item-object-page menu-item-1834\"><a href=\"https:\/\/smzacisze.pl\/index.php\/dyzury-czlonkow-rady-nadzorczej\/\">Dy\u017cury cz\u0142onk\u00f3w rady nadzorczej<\/a><\/li>\n<li id=\"menu-item-1676\" class=\"menu-item menu-item-type-post_type menu-item-object-page menu-item-1676\"><a href=\"https:\/\/smzacisze.pl\/index.php\/login\/\">Logowanie dla cz\u0142onk\u00f3w sp\u00f3\u0142dzielni<\/a><\/li>\n<\/ul><\/div><\/div><div id=\"nav_menu-4\" class=\"widget widget_nav_menu\"><h4 class=\"sidebar-widget-title ui--widget-title\"><span>INFORMACJE<\/span><\/h4><div class=\"menu-informacje-container\"><ul id=\"menu-informacje\" class=\"menu\"><li id=\"menu-item-59\" class=\"menu-item menu-item-type-post_type menu-item-object-page menu-item-59\"><a href=\"https:\/\/smzacisze.pl\/index.php\/informacje-i-ogloszenia\/\">Informacje i Og\u0142oszenia<\/a><\/li>\n<li id=\"menu-item-58\" class=\"menu-item menu-item-type-post_type menu-item-object-page menu-item-58\"><a href=\"https:\/\/smzacisze.pl\/index.php\/ciepla-woda-uzytkowa\/\">Ciep\u0142a Woda U\u017cytkowa<\/a><\/li>\n<li id=\"menu-item-57\" class=\"menu-item menu-item-type-post_type menu-item-object-page menu-item-57\"><a href=\"https:\/\/smzacisze.pl\/index.php\/przetargi\/\">Przetargi i lokale u\u017cytkowe<\/a><\/li>\n<li id=\"menu-item-56\" class=\"menu-item menu-item-type-post_type menu-item-object-page menu-item-56\"><a href=\"https:\/\/smzacisze.pl\/index.php\/wnioski-i-druki\/\">Wnioski i Druki<\/a><\/li>\n<li id=\"menu-item-54\" class=\"menu-item menu-item-type-post_type menu-item-object-page menu-item-54\"><a href=\"https:\/\/smzacisze.pl\/index.php\/statut-spoldzielni\/\">Statut Sp\u00f3\u0142dzielni<\/a><\/li>\n<li id=\"menu-item-53\" class=\"menu-item menu-item-type-post_type menu-item-object-page menu-item-53\"><a href=\"https:\/\/smzacisze.pl\/index.php\/regulamin-i-zmiany\/\">Regulaminy<\/a><\/li>\n<li id=\"menu-item-472\" class=\"menu-item menu-item-type-post_type menu-item-object-page menu-item-472\"><a href=\"https:\/\/smzacisze.pl\/index.php\/walne-zgromadzenie-2020\/\"><span style=\"color: #808080;\">Walne Zgromadzenie 2025<\/span><\/a><\/li>\n<li id=\"menu-item-52\" class=\"menu-item menu-item-type-post_type menu-item-object-page menu-item-52\"><a href=\"https:\/\/smzacisze.pl\/index.php\/uchwaly\/\"><span style=\"color: #808080;\">Uchwa\u0142y i Regulaminy<\/span><\/a><\/li>\n<li id=\"menu-item-267\" class=\"menu-item menu-item-type-post_type menu-item-object-page menu-item-267\"><a href=\"https:\/\/smzacisze.pl\/index.php\/sprawozdania-kontrole-itp\/\"><span style=\"color: #808080;\">Sprawozdania, kontrole itp.<\/span><\/a><\/li>\n<li id=\"menu-item-271\" class=\"menu-item menu-item-type-post_type menu-item-object-page menu-item-271\"><a href=\"https:\/\/smzacisze.pl\/index.php\/posiedzenia-rady-nadzorczej\/\"><span style=\"color: #808080;\">Posiedzenia Rady Nadzorczej<\/span><\/a><\/li>\n<li id=\"menu-item-51\" class=\"menu-item menu-item-type-post_type menu-item-object-page menu-item-51\"><a href=\"https:\/\/smzacisze.pl\/index.php\/sprawy-czlonkowskie\/\">Sprawy Cz\u0142onkowskie<\/a><\/li>\n<li id=\"menu-item-142\" class=\"menu-item menu-item-type-custom menu-item-object-custom menu-item-142\"><a>Ubezpiecz Mieszkanie<\/a><\/li>\n<li id=\"menu-item-982\" class=\"menu-item menu-item-type-custom menu-item-object-custom menu-item-982\"><a href=\"https:\/\/ebok.smzacisze.pl\/\">eBOOK \u2013 Kartoteka<\/a><\/li>\n<li id=\"menu-item-945\" class=\"menu-item menu-item-type-custom menu-item-object-custom menu-item-945\"><a href=\"https:\/\/smzacisze.imieszkaniec.pl\/\"><img style=\"width: 168px;\"src=\"https:\/\/smzacisze.imieszkaniec.pl\/assets\/images\/imieszkaniec-logo.svg\" \/><\/a><\/li>\n<li id=\"menu-item-2477\" class=\"menu-item menu-item-type-post_type menu-item-object-page menu-item-2477\"><a href=\"https:\/\/smzacisze.pl\/index.php\/informacje-i-ogloszenia\/\">INFORMACJE I OG\u0141OSZENIA<\/a><\/li>\n<\/ul><\/div><\/div><div id=\"text-10\" class=\"widget widget_text\"><h4 class=\"sidebar-widget-title ui--widget-title\"><span>KONTAKT<\/span><\/h4>\t\t\t<div class=\"textwidget\"><p><strong><i class=\"ui--icon fontawesome-map-marker\" style=\"margin-right: 5px;\"><\/i>Adres:<\/strong> ul Kochanowskiego 5<br \/>\n<strong><i class=\"ui--icon fontawesome-phone\" style=\"margin-right: 5px;\"><\/i>Tel:<\/strong> (71) 798 20 20<br \/>\n<strong><i class=\"ui--icon fontawesome-print\" style=\"margin-right: 5px;\"><\/i>Fax:<\/strong> (71) 798 20 21<br \/>\n<strong><i class=\"ui--icon fontawesome-envelope-alt\" style=\"margin-right: 5px;\"><\/i>E-mail:<\/strong>  zacisze@smzacisze.pl<\/p>\n<\/div>\n\t\t<\/div><\/div> \n\n <div   class=\"ui-column span9\"><div class=\"ui-row row\">\n <div   class=\"ui-column span3\"><div class=\"text-center ui--animation\"><a class=\"btn btn-mini btn-block btn-icon-left with-icon button-hover btn-6kvb5h3zw3 btn-custom-color\" href=\"https:\/\/smzacisze.pl\/wp-content\/uploads\/2025\/05\/Harmonogram-obrad-czesci-WZ-1.pdf\" style=\"\"><span class=\"button-icon\"><i class=\"ui--icon ui--icon btn-icon icon-normal icomoon-mouse-2\" style=\"color: #ffffff !important;\"><\/i><\/span>POBIERZ<\/a> <\/div><\/div> \n\n <div   class=\"ui-column span9\"><div class=\"auto-format ui--animation\"><p>Harmonogram obrad Walnego Zgromadzenia &#8211; podzia\u0142 na cz\u0119\u015bci.<\/p>\n<\/div><\/div> \n\n<\/div> \n<div class=\"ui-row row\">\n <div   class=\"ui-column span3\"><div class=\"text-center ui--animation\"><a class=\"btn btn-mini btn-block btn-icon-left with-icon button-hover btn-6kvb5h3zw3 btn-custom-color\" href=\"https:\/\/smzacisze.pl\/wp-content\/uploads\/2025\/05\/Porzadek-obrad-WZ-1.pdf\" style=\"\"><span class=\"button-icon\"><i class=\"ui--icon ui--icon btn-icon icon-normal icomoon-mouse-2\" style=\"color: #ffffff !important;\"><\/i><\/span>POBIERZ<\/a> <\/div><\/div> \n\n <div   class=\"ui-column span9\"><div class=\"auto-format ui--animation\"><p>Porz\u0105dek obrad<\/p>\n<\/div><\/div> \n\n<\/div> \n<div class=\"ui-row row\">\n <div   class=\"ui-column span3\"><div class=\"text-center ui--animation\"><a class=\"btn btn-mini btn-block btn-icon-left with-icon button-hover btn-6kvb5h3zw3 btn-custom-color\" href=\"https:\/\/smzacisze.pl\/wp-content\/uploads\/2025\/05\/Projekty-uchwal-na-WZ-2.pdf\" style=\"\"><span class=\"button-icon\"><i class=\"ui--icon ui--icon btn-icon icon-normal icomoon-mouse-2\" style=\"color: #ffffff !important;\"><\/i><\/span>POBIERZ<\/a> <\/div><\/div> \n\n <div   class=\"ui-column span9\"><div class=\"auto-format ui--animation\"><p>Projekty uchwa\u0142 Walnego Zgromadzenia.<\/p>\n<\/div><\/div> \n\n<\/div> \n<div class=\"ui-row row\">\n <div   class=\"ui-column span3\"><div class=\"text-center ui--animation\"><a class=\"btn btn-mini btn-block btn-icon-left with-icon button-hover btn-6kvb5h3zw3 btn-custom-color\" href=\"https:\/\/smzacisze.pl\/wp-content\/uploads\/2025\/05\/Sprawozdanie-z-dzialalnosci-Zarzadu-za-2024-rok-1.pdf\" style=\"\"><span class=\"button-icon\"><i class=\"ui--icon ui--icon btn-icon icon-normal icomoon-mouse-2\" style=\"color: #ffffff !important;\"><\/i><\/span>POBIERZ<\/a> <\/div><\/div> \n\n <div   class=\"ui-column span9\"><div class=\"auto-format ui--animation\"><p>Sprawozdanie Zarz\u0105du z dzia\u0142alno\u015bci Sp\u00f3\u0142dzielni za rok 2024.<\/p>\n<\/div><\/div> \n\n<\/div> \n<div class=\"ui-row row\">\n <div   class=\"ui-column span3\"><div class=\"text-center ui--animation\"><a class=\"btn btn-mini btn-block btn-icon-left with-icon button-hover btn-6kvb5h3zw3 btn-custom-color\" href=\"https:\/\/smzacisze.pl\/wp-content\/uploads\/2025\/05\/Sprawozdanie-Rady-Nadzorczej-za-2024-rok.pdf\" style=\"\"><span class=\"button-icon\"><i class=\"ui--icon ui--icon btn-icon icon-normal icomoon-mouse-2\" style=\"color: #ffffff !important;\"><\/i><\/span>POBIERZ<\/a> <\/div><\/div> \n\n <div   class=\"ui-column span9\"><div class=\"auto-format ui--animation\"><p>Sprawozdanie z dzia\u0142alno\u015bci Rady Nadzorczej Sp\u00f3\u0142dzielni za rok 2024.<\/p>\n<\/div><\/div> \n\n<\/div> \n<div class=\"ui-row row\">\n <div   class=\"ui-column span3\"><div class=\"text-center ui--animation\"><a class=\"btn btn-mini btn-block btn-icon-left with-icon button-hover btn-6kvb5h3zw3 btn-custom-color\" href=\"https:\/\/smzacisze.pl\/wp-content\/uploads\/2025\/05\/Sprawozdanie-finansowe-z-informacja-dodatkowa-1.pdf\" style=\"\"><span class=\"button-icon\"><i class=\"ui--icon ui--icon btn-icon icon-normal icomoon-mouse-2\" style=\"color: #ffffff !important;\"><\/i><\/span>POBIERZ<\/a> <\/div><\/div> \n\n <div   class=\"ui-column span9\"><div class=\"auto-format ui--animation\"><p>Sprawozdanie finansowe za rok 2024.<\/p>\n<\/div><\/div> \n\n<\/div> \n<div class=\"ui-row row\">\n <div   class=\"ui-column span3\"><div class=\"text-center ui--animation\"><a class=\"btn btn-mini btn-block btn-icon-left with-icon button-hover btn-6kvb5h3zw3 btn-custom-color\" href=\"https:\/\/smzacisze.pl\/wp-content\/uploads\/2025\/05\/sprawozdanie-z-badania-sig-1.pdf\" style=\"\"><span class=\"button-icon\"><i class=\"ui--icon ui--icon btn-icon icon-normal icomoon-mouse-2\" style=\"color: #ffffff !important;\"><\/i><\/span>POBIERZ<\/a> <\/div><\/div> \n\n <div   class=\"ui-column span9\"><div class=\"auto-format ui--animation\"><p>Sprawozdanie niezale\u017cnego bieg\u0142ego rewidenta z badania rocznego sprawozdania finansowego za rok 2024.<\/p>\n<\/div><\/div> \n\n<\/div><\/div> \n\n<\/div> \n","protected":false},"excerpt":{"rendered":"<p>SM ZACISZEStrona G\u0142\u00f3wna Historia \u017bycie Sp\u00f3\u0142dzielni Organy Sp\u00f3\u0142dzielni Kontakt Dy\u017cury cz\u0142onk\u00f3w rady nadzorczej Logowanie dla cz\u0142onk\u00f3w sp\u00f3\u0142dzielni INFORMACJEInformacje i Og\u0142oszenia Ciep\u0142a Woda U\u017cytkowa Przetargi i lokale u\u017cytkowe Wnioski i Druki Statut Sp\u00f3\u0142dzielni Regulaminy Walne Zgromadzenie 2025 Uchwa\u0142y i Regulaminy Sprawozdania, kontrole itp. Posiedzenia Rady Nadzorczej Sprawy Cz\u0142onkowskie Ubezpiecz Mieszkanie eBOOK \u2013 Kartoteka INFORMACJE I OG\u0141OSZENIA [&hellip;]<\/p>\n","protected":false},"author":461,"featured_media":0,"parent":0,"menu_order":0,"comment_status":"closed","ping_status":"closed","template":"","meta":[],"_links":{"self":[{"href":"https:\/\/smzacisze.pl\/index.php\/wp-json\/wp\/v2\/pages\/468"}],"collection":[{"href":"https:\/\/smzacisze.pl\/index.php\/wp-json\/wp\/v2\/pages"}],"about":[{"href":"https:\/\/smzacisze.pl\/index.php\/wp-json\/wp\/v2\/types\/page"}],"author":[{"embeddable":true,"href":"https:\/\/smzacisze.pl\/index.php\/wp-json\/wp\/v2\/users\/461"}],"replies":[{"embeddable":true,"href":"https:\/\/smzacisze.pl\/index.php\/wp-json\/wp\/v2\/comments?post=468"}],"version-history":[{"count":69,"href":"https:\/\/smzacisze.pl\/index.php\/wp-json\/wp\/v2\/pages\/468\/revisions"}],"predecessor-version":[{"id":2500,"href":"https:\/\/smzacisze.pl\/index.php\/wp-json\/wp\/v2\/pages\/468\/revisions\/2500"}],"wp:attachment":[{"href":"https:\/\/smzacisze.pl\/index.php\/wp-json\/wp\/v2\/media?parent=468"}],"curies":[{"name":"wp","href":"https:\/\/api.w.org\/{rel}","templated":true}]}}