{"id":43,"date":"2017-04-24T22:22:37","date_gmt":"2017-04-24T20:22:37","guid":{"rendered":"http:\/\/smzacisze.pl\/?page_id=43"},"modified":"2017-04-26T16:23:55","modified_gmt":"2017-04-26T14:23:55","slug":"sprawy-czlonkowskie","status":"publish","type":"page","link":"https:\/\/smzacisze.pl\/index.php\/sprawy-czlonkowskie\/","title":{"rendered":"SPRAWY CZ\u0141ONKOWSKIE"},"content":{"rendered":"<div class=\"ui-row row\">\n <div   class=\"ui-column span3\"><div id=\"nav_menu-3\" class=\"widget widget_nav_menu\"><h4 class=\"sidebar-widget-title ui--widget-title\"><span>SM ZACISZE<\/span><\/h4><div class=\"menu-spoldzielnia-container\"><ul id=\"menu-spoldzielnia\" class=\"menu\"><li id=\"menu-item-26\" class=\"menu-item menu-item-type-post_type menu-item-object-page menu-item-home menu-item-26\"><a href=\"https:\/\/smzacisze.pl\/\">Strona G\u0142\u00f3wna<\/a><\/li>\n<li id=\"menu-item-25\" class=\"menu-item menu-item-type-post_type menu-item-object-page menu-item-25\"><a href=\"https:\/\/smzacisze.pl\/index.php\/historia\/\">Historia<\/a><\/li>\n<li id=\"menu-item-24\" class=\"menu-item menu-item-type-post_type menu-item-object-page menu-item-24\"><a href=\"https:\/\/smzacisze.pl\/index.php\/zycie-spoldzielni\/\">\u017bycie Sp\u00f3\u0142dzielni<\/a><\/li>\n<li id=\"menu-item-23\" class=\"menu-item menu-item-type-post_type menu-item-object-page menu-item-23\"><a href=\"https:\/\/smzacisze.pl\/index.php\/organy-spoldzielni\/\">Organy Sp\u00f3\u0142dzielni<\/a><\/li>\n<li id=\"menu-item-22\" class=\"menu-item menu-item-type-post_type menu-item-object-page menu-item-22\"><a href=\"https:\/\/smzacisze.pl\/index.php\/kontakty\/\">Kontakt<\/a><\/li>\n<li id=\"menu-item-1834\" class=\"menu-item menu-item-type-post_type menu-item-object-page menu-item-1834\"><a href=\"https:\/\/smzacisze.pl\/index.php\/dyzury-czlonkow-rady-nadzorczej\/\">Dy\u017cury cz\u0142onk\u00f3w rady nadzorczej<\/a><\/li>\n<li id=\"menu-item-1676\" class=\"menu-item menu-item-type-post_type menu-item-object-page menu-item-1676\"><a href=\"https:\/\/smzacisze.pl\/index.php\/login\/\">Logowanie dla cz\u0142onk\u00f3w sp\u00f3\u0142dzielni<\/a><\/li>\n<\/ul><\/div><\/div><div id=\"nav_menu-4\" class=\"widget widget_nav_menu\"><h4 class=\"sidebar-widget-title ui--widget-title\"><span>INFORMACJE<\/span><\/h4><div class=\"menu-informacje-container\"><ul id=\"menu-informacje\" class=\"menu\"><li id=\"menu-item-59\" class=\"menu-item menu-item-type-post_type menu-item-object-page menu-item-59\"><a href=\"https:\/\/smzacisze.pl\/index.php\/informacje-i-ogloszenia\/\">Informacje i Og\u0142oszenia<\/a><\/li>\n<li id=\"menu-item-58\" class=\"menu-item menu-item-type-post_type menu-item-object-page menu-item-58\"><a href=\"https:\/\/smzacisze.pl\/index.php\/ciepla-woda-uzytkowa\/\">Ciep\u0142a Woda U\u017cytkowa<\/a><\/li>\n<li id=\"menu-item-57\" class=\"menu-item menu-item-type-post_type menu-item-object-page menu-item-57\"><a href=\"https:\/\/smzacisze.pl\/index.php\/przetargi\/\">Przetargi i lokale u\u017cytkowe<\/a><\/li>\n<li id=\"menu-item-56\" class=\"menu-item menu-item-type-post_type menu-item-object-page menu-item-56\"><a href=\"https:\/\/smzacisze.pl\/index.php\/wnioski-i-druki\/\">Wnioski i Druki<\/a><\/li>\n<li id=\"menu-item-54\" class=\"menu-item menu-item-type-post_type menu-item-object-page menu-item-54\"><a href=\"https:\/\/smzacisze.pl\/index.php\/statut-spoldzielni\/\">Statut Sp\u00f3\u0142dzielni<\/a><\/li>\n<li id=\"menu-item-53\" class=\"menu-item menu-item-type-post_type menu-item-object-page menu-item-53\"><a href=\"https:\/\/smzacisze.pl\/index.php\/regulamin-i-zmiany\/\">Regulaminy<\/a><\/li>\n<li id=\"menu-item-472\" class=\"menu-item menu-item-type-post_type menu-item-object-page menu-item-472\"><a href=\"https:\/\/smzacisze.pl\/index.php\/walne-zgromadzenie-2020\/\"><span style=\"color: #808080;\">Walne Zgromadzenie 2025<\/span><\/a><\/li>\n<li id=\"menu-item-52\" class=\"menu-item menu-item-type-post_type menu-item-object-page menu-item-52\"><a href=\"https:\/\/smzacisze.pl\/index.php\/uchwaly\/\"><span style=\"color: #808080;\">Uchwa\u0142y i Regulaminy<\/span><\/a><\/li>\n<li id=\"menu-item-267\" class=\"menu-item menu-item-type-post_type menu-item-object-page menu-item-267\"><a href=\"https:\/\/smzacisze.pl\/index.php\/sprawozdania-kontrole-itp\/\"><span style=\"color: #808080;\">Sprawozdania, kontrole itp.<\/span><\/a><\/li>\n<li id=\"menu-item-271\" class=\"menu-item menu-item-type-post_type menu-item-object-page menu-item-271\"><a href=\"https:\/\/smzacisze.pl\/index.php\/posiedzenia-rady-nadzorczej\/\"><span style=\"color: #808080;\">Posiedzenia Rady Nadzorczej<\/span><\/a><\/li>\n<li id=\"menu-item-51\" class=\"menu-item menu-item-type-post_type menu-item-object-page menu-item-51\"><a href=\"https:\/\/smzacisze.pl\/index.php\/sprawy-czlonkowskie\/\">Sprawy Cz\u0142onkowskie<\/a><\/li>\n<li id=\"menu-item-142\" class=\"menu-item menu-item-type-custom menu-item-object-custom menu-item-142\"><a>Ubezpiecz Mieszkanie<\/a><\/li>\n<li id=\"menu-item-982\" class=\"menu-item menu-item-type-custom menu-item-object-custom menu-item-982\"><a href=\"https:\/\/ebok.smzacisze.pl\/\">eBOOK \u2013 Kartoteka<\/a><\/li>\n<li id=\"menu-item-945\" class=\"menu-item menu-item-type-custom menu-item-object-custom menu-item-945\"><a href=\"https:\/\/smzacisze.imieszkaniec.pl\/\"><img style=\"width: 168px;\"src=\"https:\/\/smzacisze.imieszkaniec.pl\/assets\/images\/imieszkaniec-logo.svg\" \/><\/a><\/li>\n<li id=\"menu-item-2477\" class=\"menu-item menu-item-type-post_type menu-item-object-page menu-item-2477\"><a href=\"https:\/\/smzacisze.pl\/index.php\/informacje-i-ogloszenia\/\">INFORMACJE I OG\u0141OSZENIA<\/a><\/li>\n<\/ul><\/div><\/div><div id=\"text-10\" class=\"widget widget_text\"><h4 class=\"sidebar-widget-title ui--widget-title\"><span>KONTAKT<\/span><\/h4>\t\t\t<div class=\"textwidget\"><p><strong><i class=\"ui--icon fontawesome-map-marker\" style=\"margin-right: 5px;\"><\/i>Adres:<\/strong> ul Kochanowskiego 5<br \/>\n<strong><i class=\"ui--icon fontawesome-phone\" style=\"margin-right: 5px;\"><\/i>Tel:<\/strong> (71) 798 20 20<br \/>\n<strong><i class=\"ui--icon fontawesome-print\" style=\"margin-right: 5px;\"><\/i>Fax:<\/strong> (71) 798 20 21<br \/>\n<strong><i class=\"ui--icon fontawesome-envelope-alt\" style=\"margin-right: 5px;\"><\/i>E-mail:<\/strong>  zacisze@smzacisze.pl<\/p>\n<\/div>\n\t\t<\/div><\/div> \n\n <div   class=\"ui-column span9\"><div class=\"auto-format ui--animation\"><ul>\n<li>W przypadku zmiany ilo\u015bci os\u00f3b zamieszkuj\u0105cych lokal nale\u017cy niezw\u0142ocznie zg\u0142osi\u0107 ten fakt do Administracji obs\u0142uguj\u0105cej dany budynek lub do dzia\u0142u ksi\u0119gowo\u015bci pok. 114 lub 115. W zwi\u0105zku ze zmian\u0105 ilo\u015bci os\u00f3b konieczne jest z\u0142o\u017cenie o\u015bwiadczenia dotycz\u0105cego odpad\u00f3w komunalnych \u2013 druk o\u015bwiadczenia dost\u0119pny jest do pobrania w zak\u0142adce \u201eInformacje i og\u0142oszenia\u201d.<\/li>\n<li>Za\u015bwiadczenia dotycz\u0105ce potwierdzenia prawa do lokalu s\u0105 wydawane w dziale cz\u0142onkowsko-mieszkaniowym, pok. 105, tel. 71\u00a0798 20 24.<\/li>\n<li>Za\u015bwiadczenia do s\u0105du konieczne do za\u0142o\u017cenia ksi\u0119gi wieczystej wydawane s\u0105 w dziale ksi\u0119gowo\u015bci, pok. 119, tel. 71\u00a0798 20 33.<\/li>\n<li>Informacje dotycz\u0105ce op\u0142at za mieszkanie czy gara\u017c ( wysoko\u015b\u0107 op\u0142at, rozliczenie wody,  ewentualne zad\u0142u\u017cenie, saldo ) mo\u017cna uzyska\u0107 w dziale ksi\u0119gowo\u015bci pok. 114, tel. 71\u00a0798 20 35 (36) lub pok. 115, tel. 71\u00a0798 20 34.<\/li>\n<li>Sprawy zwi\u0105zane z przekszta\u0142ceniem mieszkania czy gara\u017cu w odr\u0119bn\u0105 w\u0142asno\u015b\u0107 prowadzone s\u0105 przez dzia\u0142 cz\u0142onkowsko-mieszkaniowy, pok. 105, tel. 71\u00a0798 20 24.<\/li>\n<li>W przypadku \u015bmierci cz\u0142onka sp\u00f3\u0142dzielni, prosimy bardzo rodzin\u0119 lub spadkobierc\u00f3w o jak najszybszy kontakt z dzia\u0142em cz\u0142onkowsko-mieszkaniowym, pok. 105, tel. 71\u00a0798 20 24.<\/li>\n<li>W przypadku zbycia lub nabycia lokalu w zasobach Sp\u00f3\u0142dzielni prosimy o niezw\u0142oczny kontakt z dzia\u0142em cz\u0142onkowsko-mieszkaniowym, pok. 105, tel. 71\u00a0798 20 24.<\/li>\n<li>W przypadku zamiaru prowadzenia w lokalu prac remontowych lub jego przebudowy <strong>przed ich rozpocz\u0119ciem<\/strong> prosimy o kontakt z dzia\u0142em technicznym pok. 112 ( instalacje elektryczne i roboty og\u00f3lnobudowlane ), tel. 71\u00a0798 20 37 (38) lub pok. 101 ( instalacje wod.-kan., gazowa i centralnego ogrzewania ) tel. 71\u00a0798 20 29.<\/li>\n<li>W sprawie udost\u0119pnienia dokument\u00f3w organ\u00f3w, regulamin\u00f3w czy statutu Sp\u00f3\u0142dzielni prosimy o kontakt z pracownikiem ds. samorz\u0105du, pok. 102, tel. 71\u00a0798 20 28<\/li>\n<li>Wykaz czynno\u015bci wymaganych od firmy sprz\u0105taj\u0105cej przy utrzymaniu czysto\u015bci \u2013 Ole\u015bnica. <strong><a href=\"http:\/\/smzacisze.pl\/wp-content\/uploads\/2017\/06\/Zakres-czynno\u015bci-przy-utrzymaniu-czystosci-Ole\u015bnica.doc.pdf\" target=\"_blank\">(POBIERZ)<\/a><\/strong><\/li>\n<li>Wykaz czynno\u015bci wymaganych od firmy sprz\u0105taj\u0105cej przy utrzymaniu czysto\u015bci \u2013 Bierut\u00f3w. <strong><a href=\"http:\/\/smzacisze.pl\/wp-content\/uploads\/2017\/06\/Zakres-czynno\u015bci-przy-utrzymaniu-czystosci-Bierut\u00f3w.pdf\" target=\"_blank\">(POBIERZ)<\/a><\/strong><\/li>\n<\/ul>\n<\/div><\/div> \n\n<\/div> \n","protected":false},"excerpt":{"rendered":"<p>SM ZACISZEStrona G\u0142\u00f3wna Historia \u017bycie Sp\u00f3\u0142dzielni Organy Sp\u00f3\u0142dzielni Kontakt Dy\u017cury cz\u0142onk\u00f3w rady nadzorczej Logowanie dla cz\u0142onk\u00f3w sp\u00f3\u0142dzielni INFORMACJEInformacje i Og\u0142oszenia Ciep\u0142a Woda U\u017cytkowa Przetargi i lokale u\u017cytkowe Wnioski i Druki Statut Sp\u00f3\u0142dzielni Regulaminy Walne Zgromadzenie 2025 Uchwa\u0142y i Regulaminy Sprawozdania, kontrole itp. Posiedzenia Rady Nadzorczej Sprawy Cz\u0142onkowskie Ubezpiecz Mieszkanie eBOOK \u2013 Kartoteka INFORMACJE I OG\u0141OSZENIA [&hellip;]<\/p>\n","protected":false},"author":1,"featured_media":0,"parent":0,"menu_order":0,"comment_status":"closed","ping_status":"closed","template":"","meta":[],"_links":{"self":[{"href":"https:\/\/smzacisze.pl\/index.php\/wp-json\/wp\/v2\/pages\/43"}],"collection":[{"href":"https:\/\/smzacisze.pl\/index.php\/wp-json\/wp\/v2\/pages"}],"about":[{"href":"https:\/\/smzacisze.pl\/index.php\/wp-json\/wp\/v2\/types\/page"}],"author":[{"embeddable":true,"href":"https:\/\/smzacisze.pl\/index.php\/wp-json\/wp\/v2\/users\/1"}],"replies":[{"embeddable":true,"href":"https:\/\/smzacisze.pl\/index.php\/wp-json\/wp\/v2\/comments?post=43"}],"version-history":[{"count":2,"href":"https:\/\/smzacisze.pl\/index.php\/wp-json\/wp\/v2\/pages\/43\/revisions"}],"predecessor-version":[{"id":159,"href":"https:\/\/smzacisze.pl\/index.php\/wp-json\/wp\/v2\/pages\/43\/revisions\/159"}],"wp:attachment":[{"href":"https:\/\/smzacisze.pl\/index.php\/wp-json\/wp\/v2\/media?parent=43"}],"curies":[{"name":"wp","href":"https:\/\/api.w.org\/{rel}","templated":true}]}}