{"id":29,"date":"2017-04-24T22:20:44","date_gmt":"2017-04-24T20:20:44","guid":{"rendered":"http:\/\/smzacisze.pl\/?page_id=29"},"modified":"2017-04-26T16:27:08","modified_gmt":"2017-04-26T14:27:08","slug":"ciepla-woda-uzytkowa","status":"publish","type":"page","link":"https:\/\/smzacisze.pl\/index.php\/ciepla-woda-uzytkowa\/","title":{"rendered":"CIEP\u0141A WODA U\u017bYTKOWA"},"content":{"rendered":"<div class=\"ui-row row\">\n <div   class=\"ui-column span3\"><div id=\"nav_menu-3\" class=\"widget widget_nav_menu\"><h4 class=\"sidebar-widget-title ui--widget-title\"><span>SM ZACISZE<\/span><\/h4><div class=\"menu-spoldzielnia-container\"><ul id=\"menu-spoldzielnia\" class=\"menu\"><li id=\"menu-item-26\" class=\"menu-item menu-item-type-post_type menu-item-object-page menu-item-home menu-item-26\"><a href=\"https:\/\/smzacisze.pl\/\">Strona G\u0142\u00f3wna<\/a><\/li>\n<li id=\"menu-item-25\" class=\"menu-item menu-item-type-post_type menu-item-object-page menu-item-25\"><a href=\"https:\/\/smzacisze.pl\/index.php\/historia\/\">Historia<\/a><\/li>\n<li id=\"menu-item-24\" class=\"menu-item menu-item-type-post_type menu-item-object-page menu-item-24\"><a href=\"https:\/\/smzacisze.pl\/index.php\/zycie-spoldzielni\/\">\u017bycie Sp\u00f3\u0142dzielni<\/a><\/li>\n<li id=\"menu-item-23\" class=\"menu-item menu-item-type-post_type menu-item-object-page menu-item-23\"><a href=\"https:\/\/smzacisze.pl\/index.php\/organy-spoldzielni\/\">Organy Sp\u00f3\u0142dzielni<\/a><\/li>\n<li id=\"menu-item-22\" class=\"menu-item menu-item-type-post_type menu-item-object-page menu-item-22\"><a href=\"https:\/\/smzacisze.pl\/index.php\/kontakty\/\">Kontakt<\/a><\/li>\n<li id=\"menu-item-1834\" class=\"menu-item menu-item-type-post_type menu-item-object-page menu-item-1834\"><a href=\"https:\/\/smzacisze.pl\/index.php\/dyzury-czlonkow-rady-nadzorczej\/\">Dy\u017cury cz\u0142onk\u00f3w rady nadzorczej<\/a><\/li>\n<li id=\"menu-item-1676\" class=\"menu-item menu-item-type-post_type menu-item-object-page menu-item-1676\"><a href=\"https:\/\/smzacisze.pl\/index.php\/login\/\">Logowanie dla cz\u0142onk\u00f3w sp\u00f3\u0142dzielni<\/a><\/li>\n<\/ul><\/div><\/div><div id=\"nav_menu-4\" class=\"widget widget_nav_menu\"><h4 class=\"sidebar-widget-title ui--widget-title\"><span>INFORMACJE<\/span><\/h4><div class=\"menu-informacje-container\"><ul id=\"menu-informacje\" class=\"menu\"><li id=\"menu-item-59\" class=\"menu-item menu-item-type-post_type menu-item-object-page menu-item-59\"><a href=\"https:\/\/smzacisze.pl\/index.php\/informacje-i-ogloszenia\/\">Informacje i Og\u0142oszenia<\/a><\/li>\n<li id=\"menu-item-58\" class=\"menu-item menu-item-type-post_type menu-item-object-page menu-item-58\"><a href=\"https:\/\/smzacisze.pl\/index.php\/ciepla-woda-uzytkowa\/\">Ciep\u0142a Woda U\u017cytkowa<\/a><\/li>\n<li id=\"menu-item-57\" class=\"menu-item menu-item-type-post_type menu-item-object-page menu-item-57\"><a href=\"https:\/\/smzacisze.pl\/index.php\/przetargi\/\">Przetargi i lokale u\u017cytkowe<\/a><\/li>\n<li id=\"menu-item-56\" class=\"menu-item menu-item-type-post_type menu-item-object-page menu-item-56\"><a href=\"https:\/\/smzacisze.pl\/index.php\/wnioski-i-druki\/\">Wnioski i Druki<\/a><\/li>\n<li id=\"menu-item-54\" class=\"menu-item menu-item-type-post_type menu-item-object-page menu-item-54\"><a href=\"https:\/\/smzacisze.pl\/index.php\/statut-spoldzielni\/\">Statut Sp\u00f3\u0142dzielni<\/a><\/li>\n<li id=\"menu-item-53\" class=\"menu-item menu-item-type-post_type menu-item-object-page menu-item-53\"><a href=\"https:\/\/smzacisze.pl\/index.php\/regulamin-i-zmiany\/\">Regulaminy<\/a><\/li>\n<li id=\"menu-item-472\" class=\"menu-item menu-item-type-post_type menu-item-object-page menu-item-472\"><a href=\"https:\/\/smzacisze.pl\/index.php\/walne-zgromadzenie-2020\/\"><span style=\"color: #808080;\">Walne Zgromadzenie 2025<\/span><\/a><\/li>\n<li id=\"menu-item-52\" class=\"menu-item menu-item-type-post_type menu-item-object-page menu-item-52\"><a href=\"https:\/\/smzacisze.pl\/index.php\/uchwaly\/\"><span style=\"color: #808080;\">Uchwa\u0142y i Regulaminy<\/span><\/a><\/li>\n<li id=\"menu-item-267\" class=\"menu-item menu-item-type-post_type menu-item-object-page menu-item-267\"><a href=\"https:\/\/smzacisze.pl\/index.php\/sprawozdania-kontrole-itp\/\"><span style=\"color: #808080;\">Sprawozdania, kontrole itp.<\/span><\/a><\/li>\n<li id=\"menu-item-271\" class=\"menu-item menu-item-type-post_type menu-item-object-page menu-item-271\"><a href=\"https:\/\/smzacisze.pl\/index.php\/posiedzenia-rady-nadzorczej\/\"><span style=\"color: #808080;\">Posiedzenia Rady Nadzorczej<\/span><\/a><\/li>\n<li id=\"menu-item-51\" class=\"menu-item menu-item-type-post_type menu-item-object-page menu-item-51\"><a href=\"https:\/\/smzacisze.pl\/index.php\/sprawy-czlonkowskie\/\">Sprawy Cz\u0142onkowskie<\/a><\/li>\n<li id=\"menu-item-142\" class=\"menu-item menu-item-type-custom menu-item-object-custom menu-item-142\"><a>Ubezpiecz Mieszkanie<\/a><\/li>\n<li id=\"menu-item-982\" class=\"menu-item menu-item-type-custom menu-item-object-custom menu-item-982\"><a href=\"https:\/\/ebok.smzacisze.pl\/\">eBOOK \u2013 Kartoteka<\/a><\/li>\n<li id=\"menu-item-945\" class=\"menu-item menu-item-type-custom menu-item-object-custom menu-item-945\"><a href=\"https:\/\/smzacisze.imieszkaniec.pl\/\"><img style=\"width: 168px;\"src=\"https:\/\/smzacisze.imieszkaniec.pl\/assets\/images\/imieszkaniec-logo.svg\" \/><\/a><\/li>\n<li id=\"menu-item-2477\" class=\"menu-item menu-item-type-post_type menu-item-object-page menu-item-2477\"><a href=\"https:\/\/smzacisze.pl\/index.php\/informacje-i-ogloszenia\/\">INFORMACJE I OG\u0141OSZENIA<\/a><\/li>\n<\/ul><\/div><\/div><div id=\"text-10\" class=\"widget widget_text\"><h4 class=\"sidebar-widget-title ui--widget-title\"><span>KONTAKT<\/span><\/h4>\t\t\t<div class=\"textwidget\"><p><strong><i class=\"ui--icon fontawesome-map-marker\" style=\"margin-right: 5px;\"><\/i>Adres:<\/strong> ul Kochanowskiego 5<br \/>\n<strong><i class=\"ui--icon fontawesome-phone\" style=\"margin-right: 5px;\"><\/i>Tel:<\/strong> (71) 798 20 20<br \/>\n<strong><i class=\"ui--icon fontawesome-print\" style=\"margin-right: 5px;\"><\/i>Fax:<\/strong> (71) 798 20 21<br \/>\n<strong><i class=\"ui--icon fontawesome-envelope-alt\" style=\"margin-right: 5px;\"><\/i>E-mail:<\/strong>  zacisze@smzacisze.pl<\/p>\n<\/div>\n\t\t<\/div><\/div> \n\n <div   class=\"ui-column span9\"><div class=\"ui--title ui--animation ui--title-bordered text-center\"><div class=\"ui--title-holder\"><h3 class=\"ui--title-text\" style=\"color: #454545 !important;\">Informacja dotycz\u0105ca przy\u0142\u0105cza ciep\u0142ej wody u\u017cytkowej:<\/h3><div style=\"border-color: #113c69 !important;\" class=\"ui--title-borders ui--title-border-left\"><\/div><div style=\"border-color: #113c69 !important;\" class=\"ui--title-borders ui--title-border-right\"><\/div><\/div><\/div><div class=\"ui-row row\">\n <div   class=\"ui-column span6\"><div class=\"text-center ui--animation\"><a class=\"btn btn-normal btn-icon-left with-icon button-hover btn-6kvb5h3zw3 btn-custom-color radius-3px\" href=\"http:\/\/smzacisze.pl\/wp-content\/uploads\/2017\/11\/CWU-Prezentacja-listopad-2017-1.pdf\" target=\"_blank\" style=\"\"><span class=\"button-icon\"><i class=\"ui--icon ui--icon btn-icon icon-normal icomoon-mouse-2 icon-inline-block\" style=\"font-size: 18px;  width: 22px;  height: 22px;  color: #ffffff !important;\"><\/i><\/span>Ciep\u0142a woda u\u017cytkowa - SM Zacisze 2017<\/a> <\/div><\/div> \n\n <div   class=\"ui-column span6\"><div class=\"text-center ui--animation\"><a class=\"btn btn-normal btn-icon-left with-icon button-hover btn-6kvb5h3zw3 btn-custom-color radius-3px\" href=\"http:\/\/smzacisze.pl\/wp-content\/uploads\/2017\/04\/Badanie-TNS-OBOP-CWU.pdf\" target=\"_blank\" style=\"\"><span class=\"button-icon\"><i class=\"ui--icon ui--icon btn-icon icon-normal icomoon-mouse-2 icon-inline-block\" style=\"font-size: 18px;  width: 22px;  height: 22px;  color: #ffffff !important;\"><\/i><\/span>Badanie TNS OBOP - CWU<\/a> <\/div><\/div> \n\n<\/div> \n<div class=\"ui--title ui--animation ui--title-bordered text-center\"><div class=\"ui--title-holder\"><h3 class=\"ui--title-text\" style=\"color: #454545 !important;\">Przyk\u0142adowe zdj\u0119cia z prac przy\u0142\u0105czeniowych<\/h3><div style=\"border-color: #113c69 !important;\" class=\"ui--title-borders ui--title-border-left\"><\/div><div style=\"border-color: #113c69 !important;\" class=\"ui--title-borders ui--title-border-right\"><\/div><\/div><\/div><div id=\"ui--gallery-1\" class=\"ui--gallery ui--pass\" data-columns=\"5\"><div class=\"unstyled-all clearfix ui--gallery-wrapper columns-5 \"><div class=\"ui--carousel clearfix\" data-options=\"{&quot;effect&quot;:&quot;&quot;,&quot;auto_rotate&quot;:&quot;1&quot;,&quot;animation_loop&quot;:&quot;FALSE&quot;,&quot;arrows&quot;:true,&quot;rotate_time&quot;:0,&quot;animate&quot;:true}\"><div class=\"slides\"><div class=\"ui-fluid-columns ui-fluid-columns-5 ui-row row\">\n <div   class=\"ui-column ui-fluid-column\"><div class=\"ui--gallery-item ui--animation\"><div class=\"inner\"><a href=\"http:\/\/smzacisze.pl\/wp-content\/uploads\/2017\/04\/zd1.jpg\" target=\"_blank\" data-rel=\"prettyPhoto[ui--gallery-1]\"><img src=\"http:\/\/smzacisze.pl\/wp-content\/uploads\/2017\/04\/zd1-500x500.jpg\" class=\"\" alt=\"CIEP\u0141A WODA U\u017bYTKOWA\"\/><div class=\"ui--gallery-overlay\"><div class=\"center\"><span class=\"btn btn-normal btn-icon-left btn-grey ui--animation\" href=\"#\" style=\"\"><i class=\"ui--icon fontawesome-fullscreen\"><\/i><\/span> <\/div><\/div><\/a><\/div><\/div><\/div> \n\n <div   class=\"ui-column ui-fluid-column\"><div class=\"ui--gallery-item ui--animation\"><div class=\"inner\"><a href=\"http:\/\/smzacisze.pl\/wp-content\/uploads\/2017\/04\/zd2.jpg\" target=\"_blank\" data-rel=\"prettyPhoto[ui--gallery-1]\"><img src=\"http:\/\/smzacisze.pl\/wp-content\/uploads\/2017\/04\/zd2-500x500.jpg\" class=\"\" alt=\"CIEP\u0141A WODA U\u017bYTKOWA\"\/><div class=\"ui--gallery-overlay\"><div class=\"center\"><span class=\"btn btn-normal btn-icon-left btn-grey ui--animation\" href=\"#\" style=\"\"><i class=\"ui--icon fontawesome-fullscreen\"><\/i><\/span> <\/div><\/div><\/a><\/div><\/div><\/div> \n\n <div   class=\"ui-column ui-fluid-column\"><div class=\"ui--gallery-item ui--animation\"><div class=\"inner\"><a href=\"http:\/\/smzacisze.pl\/wp-content\/uploads\/2017\/04\/zd3.jpg\" target=\"_blank\" data-rel=\"prettyPhoto[ui--gallery-1]\"><img src=\"http:\/\/smzacisze.pl\/wp-content\/uploads\/2017\/04\/zd3-500x500.jpg\" class=\"\" alt=\"CIEP\u0141A WODA U\u017bYTKOWA\"\/><div class=\"ui--gallery-overlay\"><div class=\"center\"><span class=\"btn btn-normal btn-icon-left btn-grey ui--animation\" href=\"#\" style=\"\"><i class=\"ui--icon fontawesome-fullscreen\"><\/i><\/span> <\/div><\/div><\/a><\/div><\/div><\/div> \n\n <div   class=\"ui-column ui-fluid-column\"><div class=\"ui--gallery-item ui--animation\"><div class=\"inner\"><a href=\"http:\/\/smzacisze.pl\/wp-content\/uploads\/2017\/04\/zd4.jpg\" target=\"_blank\" data-rel=\"prettyPhoto[ui--gallery-1]\"><img src=\"http:\/\/smzacisze.pl\/wp-content\/uploads\/2017\/04\/zd4-500x500.jpg\" class=\"\" alt=\"CIEP\u0141A WODA U\u017bYTKOWA\"\/><div class=\"ui--gallery-overlay\"><div class=\"center\"><span class=\"btn btn-normal btn-icon-left btn-grey ui--animation\" href=\"#\" style=\"\"><i class=\"ui--icon fontawesome-fullscreen\"><\/i><\/span> <\/div><\/div><\/a><\/div><\/div><\/div> \n\n <div   class=\"ui-column ui-fluid-column last\"><div class=\"ui--gallery-item ui--animation\"><div class=\"inner\"><a href=\"http:\/\/smzacisze.pl\/wp-content\/uploads\/2017\/04\/zd5.jpg\" target=\"_blank\" data-rel=\"prettyPhoto[ui--gallery-1]\"><img src=\"http:\/\/smzacisze.pl\/wp-content\/uploads\/2017\/04\/zd5-500x500.jpg\" class=\"\" alt=\"CIEP\u0141A WODA U\u017bYTKOWA\"\/><div class=\"ui--gallery-overlay\"><div class=\"center\"><span class=\"btn btn-normal btn-icon-left btn-grey ui--animation\" href=\"#\" style=\"\"><i class=\"ui--icon fontawesome-fullscreen\"><\/i><\/span> <\/div><\/div><\/a><\/div><\/div><\/div> \n\n<\/div> \n<div class=\"ui-fluid-columns ui-fluid-columns-5 ui-row row\">\n <div   class=\"ui-column ui-fluid-column\"><div class=\"ui--gallery-item ui--animation\"><div class=\"inner\"><a href=\"http:\/\/smzacisze.pl\/wp-content\/uploads\/2017\/04\/zd6.jpg\" target=\"_blank\" data-rel=\"prettyPhoto[ui--gallery-1]\"><img src=\"http:\/\/smzacisze.pl\/wp-content\/uploads\/2017\/04\/zd6-500x500.jpg\" class=\"\" alt=\"CIEP\u0141A WODA U\u017bYTKOWA\"\/><div class=\"ui--gallery-overlay\"><div class=\"center\"><span class=\"btn btn-normal btn-icon-left btn-grey ui--animation\" href=\"#\" style=\"\"><i class=\"ui--icon fontawesome-fullscreen\"><\/i><\/span> <\/div><\/div><\/a><\/div><\/div><\/div> \n\n <div   class=\"ui-column ui-fluid-column\"><div class=\"ui--gallery-item ui--animation\"><div class=\"inner\"><a href=\"http:\/\/smzacisze.pl\/wp-content\/uploads\/2017\/04\/zd7.jpg\" target=\"_blank\" data-rel=\"prettyPhoto[ui--gallery-1]\"><img src=\"http:\/\/smzacisze.pl\/wp-content\/uploads\/2017\/04\/zd7-500x500.jpg\" class=\"\" alt=\"CIEP\u0141A WODA U\u017bYTKOWA\"\/><div class=\"ui--gallery-overlay\"><div class=\"center\"><span class=\"btn btn-normal btn-icon-left btn-grey ui--animation\" href=\"#\" style=\"\"><i class=\"ui--icon fontawesome-fullscreen\"><\/i><\/span> <\/div><\/div><\/a><\/div><\/div><\/div> \n\n <div   class=\"ui-column ui-fluid-column\"><div class=\"ui--gallery-item ui--animation\"><div class=\"inner\"><a href=\"http:\/\/smzacisze.pl\/wp-content\/uploads\/2017\/04\/zd8.jpg\" target=\"_blank\" data-rel=\"prettyPhoto[ui--gallery-1]\"><img src=\"http:\/\/smzacisze.pl\/wp-content\/uploads\/2017\/04\/zd8-500x500.jpg\" class=\"\" alt=\"CIEP\u0141A WODA U\u017bYTKOWA\"\/><div class=\"ui--gallery-overlay\"><div class=\"center\"><span class=\"btn btn-normal btn-icon-left btn-grey ui--animation\" href=\"#\" style=\"\"><i class=\"ui--icon fontawesome-fullscreen\"><\/i><\/span> <\/div><\/div><\/a><\/div><\/div><\/div> \n\n <div   class=\"ui-column ui-fluid-column\"><div class=\"ui--gallery-item ui--animation\"><div class=\"inner\"><a href=\"http:\/\/smzacisze.pl\/wp-content\/uploads\/2017\/04\/zd9.jpg\" target=\"_blank\" data-rel=\"prettyPhoto[ui--gallery-1]\"><img src=\"http:\/\/smzacisze.pl\/wp-content\/uploads\/2017\/04\/zd9-500x500.jpg\" class=\"\" alt=\"CIEP\u0141A WODA U\u017bYTKOWA\"\/><div class=\"ui--gallery-overlay\"><div class=\"center\"><span class=\"btn btn-normal btn-icon-left btn-grey ui--animation\" href=\"#\" style=\"\"><i class=\"ui--icon fontawesome-fullscreen\"><\/i><\/span> <\/div><\/div><\/a><\/div><\/div><\/div> \n\n <div   class=\"ui-column ui-fluid-column last\"><div class=\"ui--gallery-item ui--animation\"><div class=\"inner\"><a href=\"http:\/\/smzacisze.pl\/wp-content\/uploads\/2017\/04\/zd10.jpg\" target=\"_blank\" data-rel=\"prettyPhoto[ui--gallery-1]\"><img src=\"http:\/\/smzacisze.pl\/wp-content\/uploads\/2017\/04\/zd10-500x500.jpg\" class=\"\" alt=\"CIEP\u0141A WODA U\u017bYTKOWA\"\/><div class=\"ui--gallery-overlay\"><div class=\"center\"><span class=\"btn btn-normal btn-icon-left btn-grey ui--animation\" href=\"#\" style=\"\"><i class=\"ui--icon fontawesome-fullscreen\"><\/i><\/span> <\/div><\/div><\/a><\/div><\/div><\/div> \n\n<\/div> \n<\/div><\/div><\/div><div class=\"clearfix\"><\/div><\/div><div class=\"ui--title ui--animation ui--title-bordered text-center\"><div class=\"ui--title-holder\"><h3 class=\"ui--title-text\" style=\"color: #454545 !important;\">Przyk\u0142ady realizacji ciep\u0142ej wody u\u017cytkowej<\/h3><div style=\"border-color: #113c69 !important;\" class=\"ui--title-borders ui--title-border-left\"><\/div><div style=\"border-color: #113c69 !important;\" class=\"ui--title-borders ui--title-border-right\"><\/div><\/div><\/div><div class=\"ui-row row\">\n <div   class=\"ui-column span4\"><div class=\"ui--video-wrapper clearfix\"><div class=\"ui--video ui--video-16-9\" style=\"padding-bottom: 56.25%;\"><iframe title=\"Ciep\u0142a woda u\u017cytkowa\" width=\"960\" height=\"540\" src=\"https:\/\/www.youtube.com\/embed\/NQm0nXGKLx0?wmode=transparent&amp;vq=hd1080&amp;rel=0&amp;showinfo=0&amp;iframe=1&amp;fs=1&amp;modestbranding=0&amp;autoplay=0&amp;theme=dark&feature=oembed\" frameborder=\"0\" allow=\"accelerometer; autoplay; clipboard-write; encrypted-media; gyroscope; picture-in-picture; web-share\" referrerpolicy=\"strict-origin-when-cross-origin\" allowfullscreen><\/iframe><\/div><\/div><\/div> \n\n <div   class=\"ui-column span4\"><div class=\"ui--video-wrapper clearfix\"><div class=\"ui--video ui--video-16-9\" style=\"padding-bottom: 56.25%;\"><iframe title=\"Ciep\u0142a woda bez piecyka!\" width=\"960\" height=\"540\" src=\"https:\/\/www.youtube.com\/embed\/ZDKLtWN5hG8?wmode=transparent&amp;vq=hd1080&amp;rel=0&amp;showinfo=0&amp;iframe=1&amp;fs=1&amp;modestbranding=0&amp;autoplay=0&amp;theme=dark&feature=oembed\" frameborder=\"0\" allow=\"accelerometer; autoplay; clipboard-write; encrypted-media; gyroscope; picture-in-picture; web-share\" referrerpolicy=\"strict-origin-when-cross-origin\" allowfullscreen><\/iframe><\/div><\/div><\/div> \n\n <div   class=\"ui-column span4\"><div class=\"ui--video-wrapper clearfix\"><div class=\"ui--video ui--video-16-9\" style=\"padding-bottom: 56.25%;\"><iframe title=\"Likwidacja piecyk\u00f3w gazowych w Tarnobrzegu\" width=\"960\" height=\"540\" src=\"https:\/\/www.youtube.com\/embed\/AY2h3BDzwp4?wmode=transparent&amp;vq=hd1080&amp;rel=0&amp;showinfo=0&amp;iframe=1&amp;fs=1&amp;modestbranding=0&amp;autoplay=0&amp;theme=dark&feature=oembed\" frameborder=\"0\" allow=\"accelerometer; autoplay; clipboard-write; encrypted-media; gyroscope; picture-in-picture; web-share\" referrerpolicy=\"strict-origin-when-cross-origin\" allowfullscreen><\/iframe><\/div><\/div><\/div> \n\n<\/div><\/div> \n\n<\/div> \n","protected":false},"excerpt":{"rendered":"<p>SM ZACISZEStrona G\u0142\u00f3wna Historia \u017bycie Sp\u00f3\u0142dzielni Organy Sp\u00f3\u0142dzielni Kontakt Dy\u017cury cz\u0142onk\u00f3w rady nadzorczej Logowanie dla cz\u0142onk\u00f3w sp\u00f3\u0142dzielni INFORMACJEInformacje i Og\u0142oszenia Ciep\u0142a Woda U\u017cytkowa Przetargi i lokale u\u017cytkowe Wnioski i Druki Statut Sp\u00f3\u0142dzielni Regulaminy Walne Zgromadzenie 2025 Uchwa\u0142y i Regulaminy Sprawozdania, kontrole itp. Posiedzenia Rady Nadzorczej Sprawy Cz\u0142onkowskie Ubezpiecz Mieszkanie eBOOK \u2013 Kartoteka INFORMACJE I OG\u0141OSZENIA [&hellip;]<\/p>\n","protected":false},"author":1,"featured_media":0,"parent":0,"menu_order":0,"comment_status":"closed","ping_status":"closed","template":"","meta":[],"_links":{"self":[{"href":"https:\/\/smzacisze.pl\/index.php\/wp-json\/wp\/v2\/pages\/29"}],"collection":[{"href":"https:\/\/smzacisze.pl\/index.php\/wp-json\/wp\/v2\/pages"}],"about":[{"href":"https:\/\/smzacisze.pl\/index.php\/wp-json\/wp\/v2\/types\/page"}],"author":[{"embeddable":true,"href":"https:\/\/smzacisze.pl\/index.php\/wp-json\/wp\/v2\/users\/1"}],"replies":[{"embeddable":true,"href":"https:\/\/smzacisze.pl\/index.php\/wp-json\/wp\/v2\/comments?post=29"}],"version-history":[{"count":2,"href":"https:\/\/smzacisze.pl\/index.php\/wp-json\/wp\/v2\/pages\/29\/revisions"}],"predecessor-version":[{"id":161,"href":"https:\/\/smzacisze.pl\/index.php\/wp-json\/wp\/v2\/pages\/29\/revisions\/161"}],"wp:attachment":[{"href":"https:\/\/smzacisze.pl\/index.php\/wp-json\/wp\/v2\/media?parent=29"}],"curies":[{"name":"wp","href":"https:\/\/api.w.org\/{rel}","templated":true}]}}