{"id":268,"date":"2017-06-08T22:33:08","date_gmt":"2017-06-08T20:33:08","guid":{"rendered":"http:\/\/smzacisze.pl\/?page_id=268"},"modified":"2026-03-02T14:02:34","modified_gmt":"2026-03-02T13:02:34","slug":"posiedzenia-rady-nadzorczej","status":"publish","type":"page","link":"https:\/\/smzacisze.pl\/index.php\/posiedzenia-rady-nadzorczej\/","title":{"rendered":"Posiedzenia Rady Nadzorczej"},"content":{"rendered":"<div class=\"ui-row row\">\n <div   class=\"ui-column span3\"><div id=\"nav_menu-3\" class=\"widget widget_nav_menu\"><h4 class=\"sidebar-widget-title ui--widget-title\"><span>SM ZACISZE<\/span><\/h4><div class=\"menu-spoldzielnia-container\"><ul id=\"menu-spoldzielnia\" class=\"menu\"><li id=\"menu-item-26\" class=\"menu-item menu-item-type-post_type menu-item-object-page menu-item-home menu-item-26\"><a href=\"https:\/\/smzacisze.pl\/\">Strona G\u0142\u00f3wna<\/a><\/li>\n<li id=\"menu-item-25\" class=\"menu-item menu-item-type-post_type menu-item-object-page menu-item-25\"><a href=\"https:\/\/smzacisze.pl\/index.php\/historia\/\">Historia<\/a><\/li>\n<li id=\"menu-item-24\" class=\"menu-item menu-item-type-post_type menu-item-object-page menu-item-24\"><a href=\"https:\/\/smzacisze.pl\/index.php\/zycie-spoldzielni\/\">\u017bycie Sp\u00f3\u0142dzielni<\/a><\/li>\n<li id=\"menu-item-23\" class=\"menu-item menu-item-type-post_type menu-item-object-page menu-item-23\"><a href=\"https:\/\/smzacisze.pl\/index.php\/organy-spoldzielni\/\">Organy Sp\u00f3\u0142dzielni<\/a><\/li>\n<li id=\"menu-item-22\" class=\"menu-item menu-item-type-post_type menu-item-object-page menu-item-22\"><a href=\"https:\/\/smzacisze.pl\/index.php\/kontakty\/\">Kontakt<\/a><\/li>\n<li id=\"menu-item-1834\" class=\"menu-item menu-item-type-post_type menu-item-object-page menu-item-1834\"><a href=\"https:\/\/smzacisze.pl\/index.php\/dyzury-czlonkow-rady-nadzorczej\/\">Dy\u017cury cz\u0142onk\u00f3w rady nadzorczej<\/a><\/li>\n<li id=\"menu-item-1676\" class=\"menu-item menu-item-type-post_type menu-item-object-page menu-item-1676\"><a href=\"https:\/\/smzacisze.pl\/index.php\/login\/\">Logowanie dla cz\u0142onk\u00f3w sp\u00f3\u0142dzielni<\/a><\/li>\n<\/ul><\/div><\/div><div id=\"nav_menu-4\" class=\"widget widget_nav_menu\"><h4 class=\"sidebar-widget-title ui--widget-title\"><span>INFORMACJE<\/span><\/h4><div class=\"menu-informacje-container\"><ul id=\"menu-informacje\" class=\"menu\"><li id=\"menu-item-59\" class=\"menu-item menu-item-type-post_type menu-item-object-page menu-item-59\"><a href=\"https:\/\/smzacisze.pl\/index.php\/informacje-i-ogloszenia\/\">Informacje i Og\u0142oszenia<\/a><\/li>\n<li id=\"menu-item-58\" class=\"menu-item menu-item-type-post_type menu-item-object-page menu-item-58\"><a href=\"https:\/\/smzacisze.pl\/index.php\/ciepla-woda-uzytkowa\/\">Ciep\u0142a Woda U\u017cytkowa<\/a><\/li>\n<li id=\"menu-item-57\" class=\"menu-item menu-item-type-post_type menu-item-object-page menu-item-57\"><a href=\"https:\/\/smzacisze.pl\/index.php\/przetargi\/\">Przetargi i lokale u\u017cytkowe<\/a><\/li>\n<li id=\"menu-item-56\" class=\"menu-item menu-item-type-post_type menu-item-object-page menu-item-56\"><a href=\"https:\/\/smzacisze.pl\/index.php\/wnioski-i-druki\/\">Wnioski i Druki<\/a><\/li>\n<li id=\"menu-item-54\" class=\"menu-item menu-item-type-post_type menu-item-object-page menu-item-54\"><a href=\"https:\/\/smzacisze.pl\/index.php\/statut-spoldzielni\/\">Statut Sp\u00f3\u0142dzielni<\/a><\/li>\n<li id=\"menu-item-53\" class=\"menu-item menu-item-type-post_type menu-item-object-page menu-item-53\"><a href=\"https:\/\/smzacisze.pl\/index.php\/regulamin-i-zmiany\/\">Regulaminy<\/a><\/li>\n<li id=\"menu-item-472\" class=\"menu-item menu-item-type-post_type menu-item-object-page menu-item-472\"><a href=\"https:\/\/smzacisze.pl\/index.php\/walne-zgromadzenie-2020\/\"><span style=\"color: #808080;\">Walne Zgromadzenie 2025<\/span><\/a><\/li>\n<li id=\"menu-item-52\" class=\"menu-item menu-item-type-post_type menu-item-object-page menu-item-52\"><a href=\"https:\/\/smzacisze.pl\/index.php\/uchwaly\/\"><span style=\"color: #808080;\">Uchwa\u0142y i Regulaminy<\/span><\/a><\/li>\n<li id=\"menu-item-267\" class=\"menu-item menu-item-type-post_type menu-item-object-page menu-item-267\"><a href=\"https:\/\/smzacisze.pl\/index.php\/sprawozdania-kontrole-itp\/\"><span style=\"color: #808080;\">Sprawozdania, kontrole itp.<\/span><\/a><\/li>\n<li id=\"menu-item-271\" class=\"menu-item menu-item-type-post_type menu-item-object-page menu-item-271\"><a href=\"https:\/\/smzacisze.pl\/index.php\/posiedzenia-rady-nadzorczej\/\"><span style=\"color: #808080;\">Posiedzenia Rady Nadzorczej<\/span><\/a><\/li>\n<li id=\"menu-item-51\" class=\"menu-item menu-item-type-post_type menu-item-object-page menu-item-51\"><a href=\"https:\/\/smzacisze.pl\/index.php\/sprawy-czlonkowskie\/\">Sprawy Cz\u0142onkowskie<\/a><\/li>\n<li id=\"menu-item-142\" class=\"menu-item menu-item-type-custom menu-item-object-custom menu-item-142\"><a>Ubezpiecz Mieszkanie<\/a><\/li>\n<li id=\"menu-item-982\" class=\"menu-item menu-item-type-custom menu-item-object-custom menu-item-982\"><a href=\"https:\/\/ebok.smzacisze.pl\/\">eBOOK \u2013 Kartoteka<\/a><\/li>\n<li id=\"menu-item-945\" class=\"menu-item menu-item-type-custom menu-item-object-custom menu-item-945\"><a href=\"https:\/\/smzacisze.imieszkaniec.pl\/\"><img style=\"width: 168px;\"src=\"https:\/\/smzacisze.imieszkaniec.pl\/assets\/images\/imieszkaniec-logo.svg\" \/><\/a><\/li>\n<li id=\"menu-item-2477\" class=\"menu-item menu-item-type-post_type menu-item-object-page menu-item-2477\"><a href=\"https:\/\/smzacisze.pl\/index.php\/informacje-i-ogloszenia\/\">INFORMACJE I OG\u0141OSZENIA<\/a><\/li>\n<\/ul><\/div><\/div><div id=\"text-10\" class=\"widget widget_text\"><h4 class=\"sidebar-widget-title ui--widget-title\"><span>KONTAKT<\/span><\/h4>\t\t\t<div class=\"textwidget\"><p><strong><i class=\"ui--icon fontawesome-map-marker\" style=\"margin-right: 5px;\"><\/i>Adres:<\/strong> ul Kochanowskiego 5<br \/>\n<strong><i class=\"ui--icon fontawesome-phone\" style=\"margin-right: 5px;\"><\/i>Tel:<\/strong> (71) 798 20 20<br \/>\n<strong><i class=\"ui--icon fontawesome-print\" style=\"margin-right: 5px;\"><\/i>Fax:<\/strong> (71) 798 20 21<br \/>\n<strong><i class=\"ui--icon fontawesome-envelope-alt\" style=\"margin-right: 5px;\"><\/i>E-mail:<\/strong>  zacisze@smzacisze.pl<\/p>\n<\/div>\n\t\t<\/div><\/div> \n\n <div   class=\"ui-column span9\"><div  class=\"ui--accordion ui--box ui--animation clearfix\"><div  class=\"ui--accordion-item ui--gradient ui--gradient-grey on--hover ui-row first-item ui--accordion-state-closed accordion-1-1\"><a href=\"#accordion-1-1\" class=\"ui--accordion-item-title heading\"><div><span class=\"ui--accordion-item-title-text\">Plan pracy<\/span><\/div><\/a><div id=\"accordion-1-1\" class=\"ui--accordion-item-content\"> <div class=\"ui-row row\">\n <div   class=\"ui-column span8\"><div class=\"auto-format ui--animation\"><p>Plan pracy Rady Nadzorczej na I p\u00f3\u0142rocze 2026.<\/p>\n<\/div><\/div> \n\n <div   class=\"ui-column span4\"><a class=\"btn btn-normal btn-block btn-icon-left btn-6kvb5h3zw3 btn-custom-color ui--animation\" href=\"https:\/\/smzacisze.pl\/wp-content\/uploads\/2026\/03\/Plan-pracy-RN-na-I-polrocze-2026.pdf\" style=\"\">Pobierz<\/a><\/div> \n\n<\/div> \n <\/div><\/div><div  class=\"ui--accordion-item ui--gradient ui--gradient-grey on--hover ui-row ui--accordion-state-closed accordion-1-2\"><a href=\"#accordion-1-2\" class=\"ui--accordion-item-title heading\"><div><span class=\"ui--accordion-item-title-text\">Harmonogram dy\u017cur\u00f3w<\/span><\/div><\/a><div id=\"accordion-1-2\" class=\"ui--accordion-item-content\"> <div class=\"ui-row row\">\n <div   class=\"ui-column span8\"><div class=\"auto-format ui--animation\"><p>Harmonogram dy\u017cur\u00f3w cz\u0142onk\u00f3w Rady Nadzorczej w I p\u00f3\u0142roczu 2026.<\/p>\n<\/div><\/div> \n\n <div   class=\"ui-column span4\"><a class=\"btn btn-normal btn-block btn-icon-left btn-6kvb5h3zw3 btn-custom-color ui--animation\" href=\"https:\/\/smzacisze.pl\/wp-content\/uploads\/2026\/03\/Dyzur-RN-w-Olesnicy-i-w-Bierutowie-I-polrocze-2026.pdf\" style=\"\">Pobierz<\/a><\/div> \n\n<\/div> \n <\/div><\/div><div  class=\"ui--accordion-item ui--gradient ui--gradient-grey on--hover ui-row ui--accordion-state-closed accordion-1-3\"><a href=\"#accordion-1-3\" class=\"ui--accordion-item-title heading\"><div><span class=\"ui--accordion-item-title-text\">Informacje nt. posiedze\u0144 odbytych w roku 2026<\/span><\/div><\/a><div id=\"accordion-1-3\" class=\"ui--accordion-item-content\"> <div class=\"ui-row row\">\n <div   class=\"ui-column span8\"><div class=\"auto-format ui--animation\"><p>Porz\u0105dek obrad posiedzenia Rady Nadzorczej w lutym 2026.<\/p>\n<\/div><\/div> \n\n <div   class=\"ui-column span4\"><a class=\"btn btn-normal btn-block btn-icon-left btn-6kvb5h3zw3 btn-custom-color ui--animation\" href=\"https:\/\/smzacisze.pl\/wp-content\/uploads\/2026\/03\/Porzadek-obrad-RN-luty-2026.pdf\" style=\"\">Pobierz<\/a><\/div> \n\n<\/div> \n<div class=\"ui-row row\">\n <div   class=\"ui-column span8\"><div class=\"auto-format ui--animation\"><p>Porz\u0105dek obrad posiedzenia Rady Nadzorczej w styczniu 2026.<\/p>\n<\/div><\/div> \n\n <div   class=\"ui-column span4\"><a class=\"btn btn-normal btn-block btn-icon-left btn-6kvb5h3zw3 btn-custom-color ui--animation\" href=\"https:\/\/smzacisze.pl\/wp-content\/uploads\/2026\/03\/Porzadek-obrad-RN-styczen-2026.pdf\" style=\"\">Pobierz<\/a><\/div> \n\n<\/div> \n <\/div><\/div><div  class=\"ui--accordion-item ui--gradient ui--gradient-grey on--hover ui-row ui--accordion-state-closed accordion-1-4\"><a href=\"#accordion-1-4\" class=\"ui--accordion-item-title heading\"><div><span class=\"ui--accordion-item-title-text\">Informacje nt. posiedze\u0144 odbytych w roku 2025<\/span><\/div><\/a><div id=\"accordion-1-4\" class=\"ui--accordion-item-content\"> <div class=\"ui-row row\">\n <div   class=\"ui-column span8\"><div class=\"auto-format ui--animation\"><p>Porz\u0105dek obrad posiedzenia Rady Nadzorczej w listopadzie 2025.<\/p>\n<\/div><\/div> \n\n <div   class=\"ui-column span4\"><a class=\"btn btn-normal btn-block btn-icon-left btn-6kvb5h3zw3 btn-custom-color ui--animation\" href=\"https:\/\/smzacisze.pl\/wp-content\/uploads\/2025\/11\/Porzadek-obrad-RN-listopad-2025.pdf\" style=\"\">Pobierz<\/a><\/div> \n\n<\/div> \n<div class=\"ui-row row\">\n <div   class=\"ui-column span8\"><div class=\"auto-format ui--animation\"><p>Porz\u0105dek obrad posiedzenia Rady Nadzorczej w pa\u017adzierniku 2025.<\/p>\n<\/div><\/div> \n\n <div   class=\"ui-column span4\"><a class=\"btn btn-normal btn-block btn-icon-left btn-6kvb5h3zw3 btn-custom-color ui--animation\" href=\"https:\/\/smzacisze.pl\/wp-content\/uploads\/2025\/11\/Porzadek-obrad-RN-pazdziernik-2025.pdf\" style=\"\">Pobierz<\/a><\/div> \n\n<\/div> \n<div class=\"ui-row row\">\n <div   class=\"ui-column span8\"><div class=\"auto-format ui--animation\"><p>Porz\u0105dek obrad posiedzenia Rady Nadzorczej we wrze\u015bniu 2025.<\/p>\n<\/div><\/div> \n\n <div   class=\"ui-column span4\"><a class=\"btn btn-normal btn-block btn-icon-left btn-6kvb5h3zw3 btn-custom-color ui--animation\" href=\"https:\/\/smzacisze.pl\/wp-content\/uploads\/2025\/11\/Porzadek-obrad-RN-wrzesien-2025.pdf\" style=\"\">Pobierz<\/a><\/div> \n\n<\/div> \n<div class=\"ui-row row\">\n <div   class=\"ui-column span8\"><div class=\"auto-format ui--animation\"><p>Porz\u0105dek obrad posiedzenia Rady Nadzorczej w sierpniu 2025.<\/p>\n<\/div><\/div> \n\n <div   class=\"ui-column span4\"><a class=\"btn btn-normal btn-block btn-icon-left btn-6kvb5h3zw3 btn-custom-color ui--animation\" href=\"https:\/\/smzacisze.pl\/wp-content\/uploads\/2025\/09\/Porzadek-obrad-RN-sierpien-2025-2.pdf\" style=\"\">Pobierz<\/a><\/div> \n\n<\/div> \n<div class=\"ui-row row\">\n <div   class=\"ui-column span8\"><div class=\"auto-format ui--animation\"><p>Porz\u0105dek obrad posiedzenia Rady Nadzorczej w czerwcu 2025.<\/p>\n<\/div><\/div> \n\n <div   class=\"ui-column span4\"><a class=\"btn btn-normal btn-block btn-icon-left btn-6kvb5h3zw3 btn-custom-color ui--animation\" href=\"https:\/\/smzacisze.pl\/wp-content\/uploads\/2025\/07\/Porzadek-obrad-RN-czerwiec-2025.pdf\" style=\"\">Pobierz<\/a><\/div> \n\n<\/div> \n<div class=\"ui-row row\">\n <div   class=\"ui-column span8\"><div class=\"auto-format ui--animation\"><p>Porz\u0105dek obrad posiedzenia Rady Nadzorczej w maju 2025.<\/p>\n<\/div><\/div> \n\n <div   class=\"ui-column span4\"><a class=\"btn btn-normal btn-block btn-icon-left btn-6kvb5h3zw3 btn-custom-color ui--animation\" href=\"https:\/\/smzacisze.pl\/wp-content\/uploads\/2025\/06\/Porzadek-obrad-RN-maj-2025.pdf\" style=\"\">Pobierz<\/a><\/div> \n\n<\/div> \n<div class=\"ui-row row\">\n <div   class=\"ui-column span8\"><div class=\"auto-format ui--animation\"><p>Porz\u0105dek obrad posiedzenia Rady Nadzorczej w kwietniu 2025.<\/p>\n<\/div><\/div> \n\n <div   class=\"ui-column span4\"><a class=\"btn btn-normal btn-block btn-icon-left btn-6kvb5h3zw3 btn-custom-color ui--animation\" href=\"https:\/\/smzacisze.pl\/wp-content\/uploads\/2025\/06\/Porzadek-obrad-RN-kwiecien-2025.pdf\" style=\"\">Pobierz<\/a><\/div> \n\n<\/div> \n<div class=\"ui-row row\">\n <div   class=\"ui-column span8\"><div class=\"auto-format ui--animation\"><p>Porz\u0105dek obrad posiedzenia Rady Nadzorczej w marcu 2025.<\/p>\n<\/div><\/div> \n\n <div   class=\"ui-column span4\"><a class=\"btn btn-normal btn-block btn-icon-left btn-6kvb5h3zw3 btn-custom-color ui--animation\" href=\"https:\/\/smzacisze.pl\/wp-content\/uploads\/2025\/06\/Porzadek-obrad-RN-marzec-2025.pdf\" style=\"\">Pobierz<\/a><\/div> \n\n<\/div> \n<div class=\"ui-row row\">\n <div   class=\"ui-column span8\"><div class=\"auto-format ui--animation\"><p>Porz\u0105dek obrad posiedzenia Rady Nadzorczej w lutym 2025.<\/p>\n<\/div><\/div> \n\n <div   class=\"ui-column span4\"><a class=\"btn btn-normal btn-block btn-icon-left btn-6kvb5h3zw3 btn-custom-color ui--animation\" href=\"https:\/\/smzacisze.pl\/wp-content\/uploads\/2025\/06\/Porzadek-obrad-RN-luty-2025.pdf\" style=\"\">Pobierz<\/a><\/div> \n\n<\/div> \n<div class=\"ui-row row\">\n <div   class=\"ui-column span8\"><div class=\"auto-format ui--animation\"><p>Porz\u0105dek obrad posiedzenia Rady Nadzorczej w styczniu 2025.<\/p>\n<\/div><\/div> \n\n <div   class=\"ui-column span4\"><a class=\"btn btn-normal btn-block btn-icon-left btn-6kvb5h3zw3 btn-custom-color ui--animation\" href=\"https:\/\/smzacisze.pl\/wp-content\/uploads\/2025\/06\/Porzadek-obrad-RN-styczen-2025.pdf\" style=\"\">Pobierz<\/a><\/div> \n\n<\/div> \n <\/div><\/div><div  class=\"ui--accordion-item ui--gradient ui--gradient-grey on--hover ui-row last-item ui--accordion-state-closed accordion-1-5\"><a href=\"#accordion-1-5\" class=\"ui--accordion-item-title heading\"><div><span class=\"ui--accordion-item-title-text\">Informacje nt. posiedze\u0144 odbytych w roku 2024<\/span><\/div><\/a><div id=\"accordion-1-5\" class=\"ui--accordion-item-content\"> <div class=\"ui-row row\">\n <div   class=\"ui-column span8\"><div class=\"auto-format ui--animation\"><p>Porz\u0105dek obrad posiedzenia Rady Nadzorczej w grudniu 2024 .<\/p>\n<\/div><\/div> \n\n <div   class=\"ui-column span4\"><a class=\"btn btn-normal btn-block btn-icon-left btn-6kvb5h3zw3 btn-custom-color ui--animation\" href=\"https:\/\/smzacisze.pl\/wp-content\/uploads\/2025\/01\/Porzadek-obrad-RN-grudzien-2024.pdf\" style=\"\">Pobierz<\/a><\/div> \n\n<\/div> \n<div class=\"ui-row row\">\n <div   class=\"ui-column span8\"><div class=\"auto-format ui--animation\"><p>Porz\u0105dek obrad posiedzenia Rady Nadzorczej w listopadzie 2024 .<\/p>\n<\/div><\/div> \n\n <div   class=\"ui-column span4\"><a class=\"btn btn-normal btn-block btn-icon-left btn-6kvb5h3zw3 btn-custom-color ui--animation\" href=\"https:\/\/smzacisze.pl\/wp-content\/uploads\/2025\/01\/Porzadek-obrad-RN-listopad-2024.pdf\" style=\"\">Pobierz<\/a><\/div> \n\n<\/div> \n<div class=\"ui-row row\">\n <div   class=\"ui-column span8\"><div class=\"auto-format ui--animation\"><p>Porz\u0105dek obrad posiedzenia Rady Nadzorczej w pa\u017adzierniku 2024 .<\/p>\n<\/div><\/div> \n\n <div   class=\"ui-column span4\"><a class=\"btn btn-normal btn-block btn-icon-left btn-6kvb5h3zw3 btn-custom-color ui--animation\" href=\"https:\/\/smzacisze.pl\/wp-content\/uploads\/2025\/01\/Porzadek-obrad-RN-pazdziernik-2024.pdf\" style=\"\">Pobierz<\/a><\/div> \n\n<\/div> \n<div class=\"ui-row row\">\n <div   class=\"ui-column span8\"><div class=\"auto-format ui--animation\"><p>Porz\u0105dek obrad posiedzenia Rady Nadzorczej we wrze\u015bniu 2024.<\/p>\n<\/div><\/div> \n\n <div   class=\"ui-column span4\"><a class=\"btn btn-normal btn-block btn-icon-left btn-6kvb5h3zw3 btn-custom-color ui--animation\" href=\"https:\/\/smzacisze.pl\/wp-content\/uploads\/2025\/01\/Porzadek-obrad-RN-wrzesien-2024.pdf\" style=\"\">Pobierz<\/a><\/div> \n\n<\/div> \n<div class=\"ui-row row\">\n <div   class=\"ui-column span8\"><div class=\"auto-format ui--animation\"><p>Porz\u0105dek obrad posiedzenia Rady Nadzorczej w sierpniu 2024 .<\/p>\n<\/div><\/div> \n\n <div   class=\"ui-column span4\"><a class=\"btn btn-normal btn-block btn-icon-left btn-6kvb5h3zw3 btn-custom-color ui--animation\" href=\"https:\/\/smzacisze.pl\/wp-content\/uploads\/2025\/01\/Porzadek-obrad-RN-sierpien-2024.pdf\" style=\"\">Pobierz<\/a><\/div> \n\n<\/div> \n<div class=\"ui-row row\">\n <div   class=\"ui-column span8\"><div class=\"auto-format ui--animation\"><p>Porz\u0105dek obrad posiedzenia Rady Nadzorczej w czerwcu 2024 &#8211; II posiedzenie.<\/p>\n<\/div><\/div> \n\n <div   class=\"ui-column span4\"><a class=\"btn btn-normal btn-block btn-icon-left btn-6kvb5h3zw3 btn-custom-color ui--animation\" href=\"https:\/\/smzacisze.pl\/wp-content\/uploads\/2024\/06\/Porzadek-obrad-RN-czerwiec-2024-II-posiedzenie.pdf\" style=\"\">Pobierz<\/a><\/div> \n\n<\/div> \n<div class=\"ui-row row\">\n <div   class=\"ui-column span8\"><div class=\"auto-format ui--animation\"><p>Porz\u0105dek obrad posiedzenia Rady Nadzorczej w czerwcu 2024 &#8211; I posiedzenie.<\/p>\n<\/div><\/div> \n\n <div   class=\"ui-column span4\"><a class=\"btn btn-normal btn-block btn-icon-left btn-6kvb5h3zw3 btn-custom-color ui--animation\" href=\"https:\/\/smzacisze.pl\/wp-content\/uploads\/2024\/06\/Porzadek-obrad-RN-czerwiec-2024-I-posiedzenie.pdf\" style=\"\">Pobierz<\/a><\/div> \n\n<\/div> \n<div class=\"ui-row row\">\n <div   class=\"ui-column span8\"><div class=\"auto-format ui--animation\"><p>Porz\u0105dek obrad posiedzenia Rady Nadzorczej w maju 2024.<\/p>\n<\/div><\/div> \n\n <div   class=\"ui-column span4\"><a class=\"btn btn-normal btn-block btn-icon-left btn-6kvb5h3zw3 btn-custom-color ui--animation\" href=\"https:\/\/smzacisze.pl\/wp-content\/uploads\/2024\/06\/Porzadek-obrad-RN-maj-2024.pdf\" style=\"\">Pobierz<\/a><\/div> \n\n<\/div> \n<div class=\"ui-row row\">\n <div   class=\"ui-column span8\"><div class=\"auto-format ui--animation\"><p>Porz\u0105dek obrad posiedzenia Rady Nadzorczej w kwietniu 2024.<\/p>\n<\/div><\/div> \n\n <div   class=\"ui-column span4\"><a class=\"btn btn-normal btn-block btn-icon-left btn-6kvb5h3zw3 btn-custom-color ui--animation\" href=\"https:\/\/smzacisze.pl\/wp-content\/uploads\/2024\/06\/Porzadek-obrad-RN-kwiecien-2024.pdf\" style=\"\">Pobierz<\/a><\/div> \n\n<\/div> \n<div class=\"ui-row row\">\n <div   class=\"ui-column span8\"><div class=\"auto-format ui--animation\"><p>Porz\u0105dek obrad posiedzenia Rady Nadzorczej w marcu 2024.<\/p>\n<\/div><\/div> \n\n <div   class=\"ui-column span4\"><a class=\"btn btn-normal btn-block btn-icon-left btn-6kvb5h3zw3 btn-custom-color ui--animation\" href=\"https:\/\/smzacisze.pl\/wp-content\/uploads\/2024\/06\/Porzadek-obrad-RN-marzec-2024.pdf\" style=\"\">Pobierz<\/a><\/div> \n\n<\/div> \n<div class=\"ui-row row\">\n <div   class=\"ui-column span8\"><div class=\"auto-format ui--animation\"><p>Porz\u0105dek obrad posiedzenia Rady Nadzorczej w lutym 2024.<\/p>\n<\/div><\/div> \n\n <div   class=\"ui-column span4\"><a class=\"btn btn-normal btn-block btn-icon-left btn-6kvb5h3zw3 btn-custom-color ui--animation\" href=\"https:\/\/smzacisze.pl\/wp-content\/uploads\/2024\/06\/Porzadek-obrad-RN-luty-2024.pdf\" style=\"\">Pobierz<\/a><\/div> \n\n<\/div> \n<div class=\"ui-row row\">\n <div   class=\"ui-column span8\"><div class=\"auto-format ui--animation\"><p>Porz\u0105dek obrad posiedzenia Rady Nadzorczej w styczniu 2024.<\/p>\n<\/div><\/div> \n\n <div   class=\"ui-column span4\"><a class=\"btn btn-normal btn-block btn-icon-left btn-6kvb5h3zw3 btn-custom-color ui--animation\" href=\"https:\/\/smzacisze.pl\/wp-content\/uploads\/2024\/06\/Porzadek-obrad-RN-styczen-2024.pdf\" style=\"\">Pobierz<\/a><\/div> \n\n<\/div> \n <\/div><\/div><\/div><\/div> \n\n<\/div> \n","protected":false},"excerpt":{"rendered":"<p>SM ZACISZEStrona G\u0142\u00f3wna Historia \u017bycie Sp\u00f3\u0142dzielni Organy Sp\u00f3\u0142dzielni Kontakt Dy\u017cury cz\u0142onk\u00f3w rady nadzorczej Logowanie dla cz\u0142onk\u00f3w sp\u00f3\u0142dzielni INFORMACJEInformacje i Og\u0142oszenia Ciep\u0142a Woda U\u017cytkowa Przetargi i lokale u\u017cytkowe Wnioski i Druki Statut Sp\u00f3\u0142dzielni Regulaminy Walne Zgromadzenie 2025 Uchwa\u0142y i Regulaminy Sprawozdania, kontrole itp. Posiedzenia Rady Nadzorczej Sprawy Cz\u0142onkowskie Ubezpiecz Mieszkanie eBOOK \u2013 Kartoteka INFORMACJE I OG\u0141OSZENIA [&hellip;]<\/p>\n","protected":false},"author":1,"featured_media":0,"parent":0,"menu_order":0,"comment_status":"closed","ping_status":"closed","template":"","meta":[],"_links":{"self":[{"href":"https:\/\/smzacisze.pl\/index.php\/wp-json\/wp\/v2\/pages\/268"}],"collection":[{"href":"https:\/\/smzacisze.pl\/index.php\/wp-json\/wp\/v2\/pages"}],"about":[{"href":"https:\/\/smzacisze.pl\/index.php\/wp-json\/wp\/v2\/types\/page"}],"author":[{"embeddable":true,"href":"https:\/\/smzacisze.pl\/index.php\/wp-json\/wp\/v2\/users\/1"}],"replies":[{"embeddable":true,"href":"https:\/\/smzacisze.pl\/index.php\/wp-json\/wp\/v2\/comments?post=268"}],"version-history":[{"count":120,"href":"https:\/\/smzacisze.pl\/index.php\/wp-json\/wp\/v2\/pages\/268\/revisions"}],"predecessor-version":[{"id":2708,"href":"https:\/\/smzacisze.pl\/index.php\/wp-json\/wp\/v2\/pages\/268\/revisions\/2708"}],"wp:attachment":[{"href":"https:\/\/smzacisze.pl\/index.php\/wp-json\/wp\/v2\/media?parent=268"}],"curies":[{"name":"wp","href":"https:\/\/api.w.org\/{rel}","templated":true}]}}