{"id":20,"date":"2017-04-24T22:09:25","date_gmt":"2017-04-24T20:09:25","guid":{"rendered":"http:\/\/smzacisze.pl\/?page_id=20"},"modified":"2025-02-11T08:24:33","modified_gmt":"2025-02-11T07:24:33","slug":"kontakty","status":"publish","type":"page","link":"https:\/\/smzacisze.pl\/index.php\/kontakty\/","title":{"rendered":"Kontakty"},"content":{"rendered":"<div class=\"ui-row row\">\n <div   class=\"ui-column span3\"><div id=\"nav_menu-3\" class=\"widget widget_nav_menu\"><h4 class=\"sidebar-widget-title ui--widget-title\"><span>SM ZACISZE<\/span><\/h4><div class=\"menu-spoldzielnia-container\"><ul id=\"menu-spoldzielnia\" class=\"menu\"><li id=\"menu-item-26\" class=\"menu-item menu-item-type-post_type menu-item-object-page menu-item-home menu-item-26\"><a href=\"https:\/\/smzacisze.pl\/\">Strona G\u0142\u00f3wna<\/a><\/li>\n<li id=\"menu-item-25\" class=\"menu-item menu-item-type-post_type menu-item-object-page menu-item-25\"><a href=\"https:\/\/smzacisze.pl\/index.php\/historia\/\">Historia<\/a><\/li>\n<li id=\"menu-item-24\" class=\"menu-item menu-item-type-post_type menu-item-object-page menu-item-24\"><a href=\"https:\/\/smzacisze.pl\/index.php\/zycie-spoldzielni\/\">\u017bycie Sp\u00f3\u0142dzielni<\/a><\/li>\n<li id=\"menu-item-23\" class=\"menu-item menu-item-type-post_type menu-item-object-page menu-item-23\"><a href=\"https:\/\/smzacisze.pl\/index.php\/organy-spoldzielni\/\">Organy Sp\u00f3\u0142dzielni<\/a><\/li>\n<li id=\"menu-item-22\" class=\"menu-item menu-item-type-post_type menu-item-object-page menu-item-22\"><a href=\"https:\/\/smzacisze.pl\/index.php\/kontakty\/\">Kontakt<\/a><\/li>\n<li id=\"menu-item-1834\" class=\"menu-item menu-item-type-post_type menu-item-object-page menu-item-1834\"><a href=\"https:\/\/smzacisze.pl\/index.php\/dyzury-czlonkow-rady-nadzorczej\/\">Dy\u017cury cz\u0142onk\u00f3w rady nadzorczej<\/a><\/li>\n<li id=\"menu-item-1676\" class=\"menu-item menu-item-type-post_type menu-item-object-page menu-item-1676\"><a href=\"https:\/\/smzacisze.pl\/index.php\/login\/\">Logowanie dla cz\u0142onk\u00f3w sp\u00f3\u0142dzielni<\/a><\/li>\n<\/ul><\/div><\/div><div id=\"nav_menu-4\" class=\"widget widget_nav_menu\"><h4 class=\"sidebar-widget-title ui--widget-title\"><span>INFORMACJE<\/span><\/h4><div class=\"menu-informacje-container\"><ul id=\"menu-informacje\" class=\"menu\"><li id=\"menu-item-59\" class=\"menu-item menu-item-type-post_type menu-item-object-page menu-item-59\"><a href=\"https:\/\/smzacisze.pl\/index.php\/informacje-i-ogloszenia\/\">Informacje i Og\u0142oszenia<\/a><\/li>\n<li id=\"menu-item-58\" class=\"menu-item menu-item-type-post_type menu-item-object-page menu-item-58\"><a href=\"https:\/\/smzacisze.pl\/index.php\/ciepla-woda-uzytkowa\/\">Ciep\u0142a Woda U\u017cytkowa<\/a><\/li>\n<li id=\"menu-item-57\" class=\"menu-item menu-item-type-post_type menu-item-object-page menu-item-57\"><a href=\"https:\/\/smzacisze.pl\/index.php\/przetargi\/\">Przetargi i lokale u\u017cytkowe<\/a><\/li>\n<li id=\"menu-item-56\" class=\"menu-item menu-item-type-post_type menu-item-object-page menu-item-56\"><a href=\"https:\/\/smzacisze.pl\/index.php\/wnioski-i-druki\/\">Wnioski i Druki<\/a><\/li>\n<li id=\"menu-item-54\" class=\"menu-item menu-item-type-post_type menu-item-object-page menu-item-54\"><a href=\"https:\/\/smzacisze.pl\/index.php\/statut-spoldzielni\/\">Statut Sp\u00f3\u0142dzielni<\/a><\/li>\n<li id=\"menu-item-53\" class=\"menu-item menu-item-type-post_type menu-item-object-page menu-item-53\"><a href=\"https:\/\/smzacisze.pl\/index.php\/regulamin-i-zmiany\/\">Regulaminy<\/a><\/li>\n<li id=\"menu-item-472\" class=\"menu-item menu-item-type-post_type menu-item-object-page menu-item-472\"><a href=\"https:\/\/smzacisze.pl\/index.php\/walne-zgromadzenie-2020\/\"><span style=\"color: #808080;\">Walne Zgromadzenie 2025<\/span><\/a><\/li>\n<li id=\"menu-item-52\" class=\"menu-item menu-item-type-post_type menu-item-object-page menu-item-52\"><a href=\"https:\/\/smzacisze.pl\/index.php\/uchwaly\/\"><span style=\"color: #808080;\">Uchwa\u0142y i Regulaminy<\/span><\/a><\/li>\n<li id=\"menu-item-267\" class=\"menu-item menu-item-type-post_type menu-item-object-page menu-item-267\"><a href=\"https:\/\/smzacisze.pl\/index.php\/sprawozdania-kontrole-itp\/\"><span style=\"color: #808080;\">Sprawozdania, kontrole itp.<\/span><\/a><\/li>\n<li id=\"menu-item-271\" class=\"menu-item menu-item-type-post_type menu-item-object-page menu-item-271\"><a href=\"https:\/\/smzacisze.pl\/index.php\/posiedzenia-rady-nadzorczej\/\"><span style=\"color: #808080;\">Posiedzenia Rady Nadzorczej<\/span><\/a><\/li>\n<li id=\"menu-item-51\" class=\"menu-item menu-item-type-post_type menu-item-object-page menu-item-51\"><a href=\"https:\/\/smzacisze.pl\/index.php\/sprawy-czlonkowskie\/\">Sprawy Cz\u0142onkowskie<\/a><\/li>\n<li id=\"menu-item-142\" class=\"menu-item menu-item-type-custom menu-item-object-custom menu-item-142\"><a>Ubezpiecz Mieszkanie<\/a><\/li>\n<li id=\"menu-item-982\" class=\"menu-item menu-item-type-custom menu-item-object-custom menu-item-982\"><a href=\"https:\/\/ebok.smzacisze.pl\/\">eBOOK \u2013 Kartoteka<\/a><\/li>\n<li id=\"menu-item-945\" class=\"menu-item menu-item-type-custom menu-item-object-custom menu-item-945\"><a href=\"https:\/\/smzacisze.imieszkaniec.pl\/\"><img style=\"width: 168px;\"src=\"https:\/\/smzacisze.imieszkaniec.pl\/assets\/images\/imieszkaniec-logo.svg\" \/><\/a><\/li>\n<li id=\"menu-item-2477\" class=\"menu-item menu-item-type-post_type menu-item-object-page menu-item-2477\"><a href=\"https:\/\/smzacisze.pl\/index.php\/informacje-i-ogloszenia\/\">INFORMACJE I OG\u0141OSZENIA<\/a><\/li>\n<\/ul><\/div><\/div><div id=\"text-10\" class=\"widget widget_text\"><h4 class=\"sidebar-widget-title ui--widget-title\"><span>KONTAKT<\/span><\/h4>\t\t\t<div class=\"textwidget\"><p><strong><i class=\"ui--icon fontawesome-map-marker\" style=\"margin-right: 5px;\"><\/i>Adres:<\/strong> ul Kochanowskiego 5<br \/>\n<strong><i class=\"ui--icon fontawesome-phone\" style=\"margin-right: 5px;\"><\/i>Tel:<\/strong> (71) 798 20 20<br \/>\n<strong><i class=\"ui--icon fontawesome-print\" style=\"margin-right: 5px;\"><\/i>Fax:<\/strong> (71) 798 20 21<br \/>\n<strong><i class=\"ui--icon fontawesome-envelope-alt\" style=\"margin-right: 5px;\"><\/i>E-mail:<\/strong>  zacisze@smzacisze.pl<\/p>\n<\/div>\n\t\t<\/div><\/div> \n\n <div   class=\"ui-column span9\"><div  class=\"ui--accordion ui--box ui--animation clearfix\"><div  class=\"ui--accordion-item ui--gradient ui--gradient-grey on--hover ui-row first-item ui--accordion-state-opened accordion-1-1\"><a href=\"#accordion-1-1\" class=\"ui--accordion-item-title heading\"><div><span class=\"ui--accordion-item-icon\"><span class=\"ui--accordion-item-icon-closed\"><i class=\"ui--icon fontawesome-plus-sign-alt icon-inline-block\" style=\"font-size: 20px;  width: 24px;  height: 24px;  color: #114477 !important;\"><\/i><\/span><span class=\"ui--accordion-item-icon-opened\"><i class=\"ui--icon fontawesome-minus-sign-alt icon-inline-block\" style=\"font-size: 20px;  width: 24px;  height: 24px;  color: #ffffff !important;\"><\/i><\/span><\/span><span class=\"ui--accordion-item-title-text\">Zarz\u0105d Sp\u00f3\u0142dzielni<\/span><\/div><\/a><div id=\"accordion-1-1\" class=\"ui--accordion-item-content\"> <div class=\"auto-format ui--animation\"><p><strong>Prezes Zarz\u0105du Sp\u00f3\u0142dzielni<\/strong><br \/>\n<strong>tel:<\/strong> 71 798 20 20<\/p>\n<p><strong>Przyjmuje:<\/strong><br \/>\n<strong>wtorek:<\/strong> 10:00 &#8211; 12:00<br \/>\n<strong>czwartek:<\/strong> 12:00 &#8211; 16:00<\/p>\n<\/div><div  class=\"ui--divider ui--animation clearfix ui--divider-solid-line\"><\/div><div class=\"auto-format ui--animation\"><p><strong>Wiceprezes Zarz\u0105du Sp\u00f3\u0142dzielni<\/strong><br \/>\n<strong>tel:<\/strong> 71 798 20 20<\/p>\n<p><strong>Przyjmuje:<\/strong><br \/>\n<strong>wtorek:<\/strong> 10:00 &#8211; 12:00<br \/>\n<strong>czwartek:<\/strong> 12:00 &#8211; 16:00<\/p>\n<\/div><div  class=\"ui--divider ui--animation clearfix ui--divider-solid-line\"><\/div><div class=\"auto-format ui--animation\"><p><strong>Cz\u0142onek Zarz\u0105du &#8211; G\u0142\u00f3wna Ksi\u0119gowa<\/strong><br \/>\n<strong>tel:<\/strong> 71 798 20 30<\/p>\n<\/div> <\/div><\/div><div  class=\"ui--accordion-item ui--gradient ui--gradient-grey on--hover ui-row ui--accordion-state-closed accordion-1-2\"><a href=\"#accordion-1-2\" class=\"ui--accordion-item-title heading\"><div><span class=\"ui--accordion-item-icon\"><span class=\"ui--accordion-item-icon-closed\"><i class=\"ui--icon fontawesome-plus-sign-alt icon-inline-block\" style=\"font-size: 20px;  width: 24px;  height: 24px;  color: #114477 !important;\"><\/i><\/span><span class=\"ui--accordion-item-icon-opened\"><i class=\"ui--icon fontawesome-minus-sign-alt icon-inline-block\" style=\"font-size: 20px;  width: 24px;  height: 24px;  color: #ffffff !important;\"><\/i><\/span><\/span><span class=\"ui--accordion-item-title-text\">Rada Nadzorcza<\/span><\/div><\/a><div id=\"accordion-1-2\" class=\"ui--accordion-item-content\"> <div class=\"auto-format ui--animation\"><p><strong>Dy\u017cury Cz\u0142onk\u00f3w Rady Nadzorczej:<\/strong><\/p>\n<p><strong>Ole\u015bnica:<\/strong><br \/>\n&#8211; w pierwszy czwartek ka\u017cdego miesi\u0105ca od godz. 15.00 do 16.00 w siedzibie Sp\u00f3\u0142dzielni przy ul. Kochanowskiego 5<\/p>\n<p><strong>Bierut\u00f3w:<\/strong><br \/>\n&#8211; termin dy\u017curu ustalany jest za po\u015brednictwem Administracji w Bierutowie.<\/p>\n<\/div> <\/div><\/div><div  class=\"ui--accordion-item ui--gradient ui--gradient-grey on--hover ui-row ui--accordion-state-closed accordion-1-3\"><a href=\"#accordion-1-3\" class=\"ui--accordion-item-title heading\"><div><span class=\"ui--accordion-item-icon\"><span class=\"ui--accordion-item-icon-closed\"><i class=\"ui--icon fontawesome-plus-sign-alt icon-inline-block\" style=\"font-size: 20px;  width: 24px;  height: 24px;  color: #114477 !important;\"><\/i><\/span><span class=\"ui--accordion-item-icon-opened\"><i class=\"ui--icon fontawesome-minus-sign-alt icon-inline-block\" style=\"font-size: 20px;  width: 24px;  height: 24px;  color: #ffffff !important;\"><\/i><\/span><\/span><span class=\"ui--accordion-item-title-text\">Obs\u0142uga Organizacyjno - Prawna<\/span><\/div><\/a><div id=\"accordion-1-3\" class=\"ui--accordion-item-content\"> <div class=\"auto-format ui--animation\"><p><strong>Sekretariat<\/strong><br \/>\n<strong>tel:<\/strong> 71 798 20 20<br \/>\n<strong>fax:<\/strong> 71 798 20 21<\/p>\n<p><strong>Radca prawny<\/strong><br \/>\n<strong>tel:<\/strong> 71 798 20 26<br \/>\nprzyjmuje:<br \/>\n<strong>wtorek<\/strong> 8:00 &#8211; 15:00<br \/>\n<strong>czwartek<\/strong> 8:00 &#8211; 16:00<\/p>\n<p><strong>Stanowisko ds. samorz\u0105du, kadry<\/strong><br \/>\n<strong>tel:<\/strong> 71 798 20 28<\/p>\n<p><strong>Dzia\u0142 cz\u0142onkowsko-mieszkaniowy<\/strong><br \/>\ntel: 71 798 20 24<\/p>\n<p>czynny: <\/p>\n<p>wtorek 8:00 &#8211; 15.00<br \/>\n\u015broda 8:00 &#8211; 15.00<br \/>\nczwartek 10.00 &#8211; 16.00<\/p>\n<p><strong>Stanowisko ds. administracyjno-gospodarczych oraz ds. dzia\u0142alno\u015bci spo\u0142eczno-wychowawczej, KORELAT<\/strong><br \/>\n<strong>tel:<\/strong> 71 798 20 27<\/p>\n<\/div> <\/div><\/div><div  class=\"ui--accordion-item ui--gradient ui--gradient-grey on--hover ui-row ui--accordion-state-closed accordion-1-4\"><a href=\"#accordion-1-4\" class=\"ui--accordion-item-title heading\"><div><span class=\"ui--accordion-item-icon\"><span class=\"ui--accordion-item-icon-closed\"><i class=\"ui--icon fontawesome-plus-sign-alt icon-inline-block\" style=\"font-size: 20px;  width: 24px;  height: 24px;  color: #114477 !important;\"><\/i><\/span><span class=\"ui--accordion-item-icon-opened\"><i class=\"ui--icon fontawesome-minus-sign-alt icon-inline-block\" style=\"font-size: 20px;  width: 24px;  height: 24px;  color: #ffffff !important;\"><\/i><\/span><\/span><span class=\"ui--accordion-item-title-text\">Ksi\u0119gowo\u015b\u0107<\/span><\/div><\/a><div id=\"accordion-1-4\" class=\"ui--accordion-item-content\"> <div class=\"auto-format ui--animation\"><p><strong>Zast\u0119pca G\u0142\u00f3wnego Ksi\u0119gowego<\/strong><br \/>\n<strong>tel:<\/strong> 71 798 20 31<\/p>\n<p><strong>Plany, Koszty, Analizy<\/strong><br \/>\n<strong>tel:<\/strong> 71 798 20 33<\/p>\n<p><strong>P\u0142ace<\/strong><br \/>\n<strong>tel:<\/strong> 71 798 20 31<\/p>\n<p><strong>Wk\u0142ady mieszkaniowe, \u015arodki trwa\u0142e<\/strong><br \/>\n<strong>tel:<\/strong> 71 798 20 33<\/p>\n<p><strong>Windykacja lokali u\u017cytkowych, Kasa<\/strong><br \/>\n<strong>tel:<\/strong> 71 798 20 32<\/p>\n<\/div> <\/div><\/div><div  class=\"ui--accordion-item ui--gradient ui--gradient-grey on--hover ui-row ui--accordion-state-closed accordion-1-5\"><a href=\"#accordion-1-5\" class=\"ui--accordion-item-title heading\"><div><span class=\"ui--accordion-item-icon\"><span class=\"ui--accordion-item-icon-closed\"><i class=\"ui--icon fontawesome-plus-sign-alt icon-inline-block\" style=\"font-size: 20px;  width: 24px;  height: 24px;  color: #114477 !important;\"><\/i><\/span><span class=\"ui--accordion-item-icon-opened\"><i class=\"ui--icon fontawesome-minus-sign-alt icon-inline-block\" style=\"font-size: 20px;  width: 24px;  height: 24px;  color: #ffffff !important;\"><\/i><\/span><\/span><span class=\"ui--accordion-item-title-text\">Czynsze i Windykacja<\/span><\/div><\/a><div id=\"accordion-1-5\" class=\"ui--accordion-item-content\"> <div class=\"auto-format ui--animation\"><p><strong>Op\u0142aty za lokale mieszkalne\/Windykacja<\/strong><br \/>\n<strong>tel:<\/strong> 71 798 20 35, 36<br \/>\n<strong>czynne:<\/strong><br \/>\n<strong>poniedzia\u0142ek, wtorek, \u015broda, pi\u0105tek<\/strong> &#8211; 8:00 &#8211; 12:00<br \/>\n<strong>czwartek<\/strong> &#8211; 10:00 &#8211; 16:00<\/p>\n<p><strong>Rozliczenie wody<\/strong><br \/>\n<strong>tel:<\/strong> 71 798 20 34<\/p>\n<\/div> <\/div><\/div><div  class=\"ui--accordion-item ui--gradient ui--gradient-grey on--hover ui-row ui--accordion-state-closed accordion-1-6\"><a href=\"#accordion-1-6\" class=\"ui--accordion-item-title heading\"><div><span class=\"ui--accordion-item-icon\"><span class=\"ui--accordion-item-icon-closed\"><i class=\"ui--icon fontawesome-plus-sign-alt icon-inline-block\" style=\"font-size: 20px;  width: 24px;  height: 24px;  color: #114477 !important;\"><\/i><\/span><span class=\"ui--accordion-item-icon-opened\"><i class=\"ui--icon fontawesome-minus-sign-alt icon-inline-block\" style=\"font-size: 20px;  width: 24px;  height: 24px;  color: #ffffff !important;\"><\/i><\/span><\/span><span class=\"ui--accordion-item-title-text\">Dzia\u0142 Techniczny<\/span><\/div><\/a><div id=\"accordion-1-6\" class=\"ui--accordion-item-content\"> <div class=\"auto-format ui--animation\"><p><strong>Specjalista ds. techniczno-ekonomicznych<\/strong><br \/>\n<strong>tel:<\/strong> 71 798 20 38<\/p>\n<p><strong>Inspektor ds. technicznych<\/strong><br \/>\n<strong>tel:<\/strong> 71 798 20 37<\/p>\n<p><strong>Specjalista ds. c.o. i rozlicze\u0144 ciep\u0142a<\/strong><br \/>\n<strong>tel:<\/strong> 71 798 20 46<\/p>\n<p><strong>Specjalista ds. technicznych, instalacyjnych, nadzoru rob\u00f3t instalacyjnych<\/strong><br \/>\n<strong>tel:<\/strong> 71 798 20 29<\/p>\n<\/div> <\/div><\/div><div  class=\"ui--accordion-item ui--gradient ui--gradient-grey on--hover ui-row ui--accordion-state-closed accordion-1-7\"><a href=\"#accordion-1-7\" class=\"ui--accordion-item-title heading\"><div><span class=\"ui--accordion-item-icon\"><span class=\"ui--accordion-item-icon-closed\"><i class=\"ui--icon fontawesome-plus-sign-alt icon-inline-block\" style=\"font-size: 20px;  width: 24px;  height: 24px;  color: #114477 !important;\"><\/i><\/span><span class=\"ui--accordion-item-icon-opened\"><i class=\"ui--icon fontawesome-minus-sign-alt icon-inline-block\" style=\"font-size: 20px;  width: 24px;  height: 24px;  color: #ffffff !important;\"><\/i><\/span><\/span><span class=\"ui--accordion-item-title-text\">Administracje<\/span><\/div><\/a><div id=\"accordion-1-7\" class=\"ui--accordion-item-content\"> <div class=\"auto-format ui--animation\"><p><strong>Administracja Nr 1 ul. Kochanowskiego 5 &#8211; tel. 71 798 20 45<\/strong><br \/>\n<strong>pracuje:<\/strong><br \/>\n<strong>poniedzia\u0142ek, wtorek, \u015broda, pi\u0105tek<\/strong> od godz. 7:00 \u2013 15:00;<br \/>\n<strong>czwartek<\/strong> od godz. 8:00 \u2013 16:00<\/p>\n<p><strong>godziny przyjmowania interesant\u00f3w:<\/strong><br \/>\n<strong>poniedzia\u0142ek, wtorek, pi\u0105tek<\/strong> od godz. 12:00 \u2013 14:00;<br \/>\n<strong>czwartek<\/strong> od godz. 14:00 \u2013 16:00<\/p>\n<\/div><div  class=\"ui--divider ui--animation clearfix ui--divider-solid-line\"><\/div><div class=\"auto-format ui--animation\"><p><strong>Administracja Nr 2 ul. Kochanowskiego 5 &#8211; tel. 71 798 20 44<\/strong><br \/>\n<strong>pracuje:<\/strong><br \/>\n<strong>poniedzia\u0142ek, wtorek, \u015broda, pi\u0105tek<\/strong> od godz. 7:00 \u2013 15:00;<br \/>\n<strong>czwartek<\/strong> od godz. 8:00 \u2013 16:00<\/p>\n<p><strong>godziny przyjmowania interesant\u00f3w:<\/strong><br \/>\n<strong>poniedzia\u0142ek, wtorek, pi\u0105tek<\/strong> od godz. 12:00 \u2013 14:00;<br \/>\n<strong>czwartek od godz.<\/strong> 14:00 \u2013 16:00<\/p>\n<\/div><div  class=\"ui--divider ui--animation clearfix ui--divider-solid-line\"><\/div><div class=\"auto-format ui--animation\"><p><strong>Administracja w Bierutowie ul. Zielona 10A &#8211; tel. 71 314 63 66<\/strong><br \/>\n<strong>pracuje:<\/strong><br \/>\n<strong>poniedzia\u0142ek, wtorek, \u015broda, pi\u0105tek<\/strong> od godz. 11:00 \u2013 15:00;<br \/>\n<strong>czwartek<\/strong> od godz. 12:00 \u2013 16:00<\/p>\n<p><strong>godziny przyjmowania interesant\u00f3w:<\/strong><br \/>\n<strong>poniedzia\u0142ek, pi\u0105tek<\/strong> od godz. 12:00 \u2013 14:00;<br \/>\n<strong>czwartek<\/strong> od godz. 14:00 \u2013 16:00<\/p>\n<\/div><div class=\"ui-row row\">\n <div   class=\"ui-column span4\"><div class=\"text-center ui--animation\"><a class=\"btn btn-normal btn-icon-left btn-primary\" href=\"http:\/\/smzacisze.pl\/wp-content\/uploads\/2019\/04\/ADS-1-wykaz-buydnk\u00f3w.pdf\" style=\"\">Administracja Nr 1  - Wykaz Budynk\u00f3w<\/a> <\/div><\/div> \n\n <div   class=\"ui-column span4\"><div class=\"text-center ui--animation\"><a class=\"btn btn-normal btn-icon-left btn-primary\" href=\"http:\/\/smzacisze.pl\/wp-content\/uploads\/2019\/04\/ADS-2-wykaz-buydnk\u00f3w.pdf\" style=\"\">Administracja Nr 2  - Wykaz Budynk\u00f3w<\/a> <\/div><\/div> \n\n <div   class=\"ui-column span4\"><div class=\"text-center ui--animation\"><a class=\"btn btn-normal btn-icon-left btn-primary\" href=\"http:\/\/smzacisze.pl\/wp-content\/uploads\/2019\/04\/ADS-Bierut\u00f3w-wykaz-buydnk\u00f3w.pdf\" style=\"\">Administracja w Bierutowie - Wykaz Budynk\u00f3w<\/a> <\/div><\/div> \n\n<\/div> \n <\/div><\/div><div  class=\"ui--accordion-item ui--gradient ui--gradient-grey on--hover ui-row ui--accordion-state-closed accordion-1-8\"><a href=\"#accordion-1-8\" class=\"ui--accordion-item-title heading\"><div><span class=\"ui--accordion-item-icon\"><span class=\"ui--accordion-item-icon-closed\"><i class=\"ui--icon fontawesome-plus-sign-alt icon-inline-block\" style=\"font-size: 20px;  width: 24px;  height: 24px;  color: #114477 !important;\"><\/i><\/span><span class=\"ui--accordion-item-icon-opened\"><i class=\"ui--icon fontawesome-minus-sign-alt icon-inline-block\" style=\"font-size: 20px;  width: 24px;  height: 24px;  color: #ffffff !important;\"><\/i><\/span><\/span><span class=\"ui--accordion-item-title-text\">Wykaz Kont Sp\u00f3\u0142dzielni<\/span><\/div><\/a><div id=\"accordion-1-8\" class=\"ui--accordion-item-content\"> <div class=\"auto-format ui--animation\"><p><strong>Bank PKO BP<\/strong><br \/>\n<strong>czynsz:<\/strong> 43 1020 5297 0000 1202 0000 0067<br \/>\n<strong>konto do wp\u0142at wk\u0142ad\u00f3w budowlanych:<\/strong> 37 1020 5297 0000 1602 0003 0825<\/p>\n<p><strong>Bank Sp\u00f3\u0142dzielczy w Ole\u015bnicy<\/strong><br \/>\n<strong>czynsz:<\/strong> 73 9584 0008 2001 0011 4664 0001<\/p>\n<\/div> <\/div><\/div><div  class=\"ui--accordion-item ui--gradient ui--gradient-grey on--hover ui-row ui--accordion-state-closed accordion-1-9\"><a href=\"#accordion-1-9\" class=\"ui--accordion-item-title heading\"><div><span class=\"ui--accordion-item-icon\"><span class=\"ui--accordion-item-icon-closed\"><i class=\"ui--icon fontawesome-plus-sign-alt icon-inline-block\" style=\"font-size: 20px;  width: 24px;  height: 24px;  color: #114477 !important;\"><\/i><\/span><span class=\"ui--accordion-item-icon-opened\"><i class=\"ui--icon fontawesome-minus-sign-alt icon-inline-block\" style=\"font-size: 20px;  width: 24px;  height: 24px;  color: #ffffff !important;\"><\/i><\/span><\/span><span class=\"ui--accordion-item-title-text\">Telefony alarmowe i awaryjne<\/span><\/div><\/a><div id=\"accordion-1-9\" class=\"ui--accordion-item-content\"> <div class=\"auto-format ui--animation\"><p><strong>Za nieuzasadnione wezwanie pogotowia technicznego osoba wzywaj\u0105ca zostanie obci\u0105\u017cona kosztami.<\/strong><\/p>\n<p><strong>Telefon Alarmowy<\/strong> &#8211; 112<br \/>\n<strong>Pogotowie Policji<\/strong> &#8211; 997<br \/>\n<strong>Stra\u017c Po\u017carna<\/strong> &#8211; 998<br \/>\n<strong>Pogotowie Ratunkowe<\/strong> &#8211; 999<br \/>\n<strong>Pogotowie Energetyczne<\/strong> &#8211; 991<br \/>\n<strong>Pogotowie Gazowe<\/strong> &#8211; 992<br \/>\n<strong>Pogotowie Wodoci\u0105gowe<\/strong> &#8211; 71 396 71 12<br \/>\n<strong>Zak\u0142ad Gospodarki Cieplnej<\/strong> &#8211; 71 314 45 41, 71 314 46 45<\/p>\n<\/div> <\/div><\/div><div  class=\"ui--accordion-item ui--gradient ui--gradient-grey on--hover ui-row ui--accordion-state-closed accordion-1-10\"><a href=\"#accordion-1-10\" class=\"ui--accordion-item-title heading\"><div><span class=\"ui--accordion-item-icon\"><span class=\"ui--accordion-item-icon-closed\"><i class=\"ui--icon fontawesome-plus-sign-alt icon-inline-block\" style=\"font-size: 20px;  width: 24px;  height: 24px;  color: #114477 !important;\"><\/i><\/span><span class=\"ui--accordion-item-icon-opened\"><i class=\"ui--icon fontawesome-minus-sign-alt icon-inline-block\" style=\"font-size: 20px;  width: 24px;  height: 24px;  color: #ffffff !important;\"><\/i><\/span><\/span><span class=\"ui--accordion-item-title-text\">Pogotowie Techniczne<\/span><\/div><\/a><div id=\"accordion-1-10\" class=\"ui--accordion-item-content\"> <div class=\"auto-format ui--animation\"><p><strong>Pogotowie techniczne w przypadku awarii jest pe\u0142nione:<\/strong><br \/>\nw dni powszednie &#8211; w godzinach 15.00-22.00<br \/>\nw dni wolne i \u015bwi\u0119ta &#8211; w godzinach 7.00-22.00 <\/p>\n<p><strong>W zakresie instalacji anten zbiorczych RTV<\/strong><br \/>\nOxylion S.A. &#8211; tel. 71 721 80 00<\/p>\n<p><strong>W zakresie instalacji elektrycznych<\/strong><br \/>\nInstalatorstwo Elektryczno-Energetyczne Artur Okarma &#8211; tel. 603\u00a0892\u00a0384<\/p>\n<p><strong>W zakresie instalacji wodnej, kanalizacyjnej i gazowej<\/strong><br \/>\n&#8222;ANDZIN&#8221; Zak\u0142ad Og\u00f3lnobudowlany Andrzej Majzner \u2013 tel. 503 707 369<\/p>\n<p><strong>W zakresie instalacji centralnego ogrzewania<\/strong><br \/>\nInstalatorstwo Bronis\u0142aw Sidor \u2013 tel. 601 739 230<br \/>\n<strong><br \/>\nW zakresie d\u017awig\u00f3w osobowych<\/strong><br \/>\nLIFT_SYSTEM S.C. &#8211; tel. 783 522 501<\/p>\n<\/div> <\/div><\/div><div  class=\"ui--accordion-item ui--gradient ui--gradient-grey on--hover ui-row last-item ui--accordion-state-closed accordion-1-11\"><a href=\"#accordion-1-11\" class=\"ui--accordion-item-title heading\"><div><span class=\"ui--accordion-item-icon\"><span class=\"ui--accordion-item-icon-closed\"><i class=\"ui--icon fontawesome-plus-sign-alt icon-inline-block\" style=\"font-size: 20px;  width: 24px;  height: 24px;  color: #114477 !important;\"><\/i><\/span><span class=\"ui--accordion-item-icon-opened\"><i class=\"ui--icon fontawesome-minus-sign-alt icon-inline-block\" style=\"font-size: 20px;  width: 24px;  height: 24px;  color: #ffffff !important;\"><\/i><\/span><\/span><span class=\"ui--accordion-item-title-text\">Awarie domofon\u00f3w<\/span><\/div><\/a><div id=\"accordion-1-11\" class=\"ui--accordion-item-content\"> <div class=\"auto-format ui--animation\"><p><strong>W przypadku awarii domofon\u00f3w prosimy o kontakt z firm\u0105 :<br \/>\n<\/strong> &#8222;MULTIDOM ELEKTRONIK&#8221; &#8211; tel. 603 727 566<br \/>\n<\/strong> UWAGA! Firma nie pe\u0142ni pogotowia technicznego. <\/p>\n<\/div> <\/div><\/div><\/div><\/div> \n\n<\/div> \n","protected":false},"excerpt":{"rendered":"<p>SM ZACISZEStrona G\u0142\u00f3wna Historia \u017bycie Sp\u00f3\u0142dzielni Organy Sp\u00f3\u0142dzielni Kontakt Dy\u017cury cz\u0142onk\u00f3w rady nadzorczej Logowanie dla cz\u0142onk\u00f3w sp\u00f3\u0142dzielni INFORMACJEInformacje i Og\u0142oszenia Ciep\u0142a Woda U\u017cytkowa Przetargi i lokale u\u017cytkowe Wnioski i Druki Statut Sp\u00f3\u0142dzielni Regulaminy Walne Zgromadzenie 2025 Uchwa\u0142y i Regulaminy Sprawozdania, kontrole itp. Posiedzenia Rady Nadzorczej Sprawy Cz\u0142onkowskie Ubezpiecz Mieszkanie eBOOK \u2013 Kartoteka INFORMACJE I OG\u0141OSZENIA [&hellip;]<\/p>\n","protected":false},"author":1,"featured_media":0,"parent":0,"menu_order":0,"comment_status":"closed","ping_status":"closed","template":"","meta":[],"_links":{"self":[{"href":"https:\/\/smzacisze.pl\/index.php\/wp-json\/wp\/v2\/pages\/20"}],"collection":[{"href":"https:\/\/smzacisze.pl\/index.php\/wp-json\/wp\/v2\/pages"}],"about":[{"href":"https:\/\/smzacisze.pl\/index.php\/wp-json\/wp\/v2\/types\/page"}],"author":[{"embeddable":true,"href":"https:\/\/smzacisze.pl\/index.php\/wp-json\/wp\/v2\/users\/1"}],"replies":[{"embeddable":true,"href":"https:\/\/smzacisze.pl\/index.php\/wp-json\/wp\/v2\/comments?post=20"}],"version-history":[{"count":7,"href":"https:\/\/smzacisze.pl\/index.php\/wp-json\/wp\/v2\/pages\/20\/revisions"}],"predecessor-version":[{"id":2439,"href":"https:\/\/smzacisze.pl\/index.php\/wp-json\/wp\/v2\/pages\/20\/revisions\/2439"}],"wp:attachment":[{"href":"https:\/\/smzacisze.pl\/index.php\/wp-json\/wp\/v2\/media?parent=20"}],"curies":[{"name":"wp","href":"https:\/\/api.w.org\/{rel}","templated":true}]}}