{"id":184,"date":"2017-04-28T09:46:04","date_gmt":"2017-04-28T07:46:04","guid":{"rendered":"http:\/\/smzacisze.pl\/?page_id=184"},"modified":"2017-04-28T09:51:12","modified_gmt":"2017-04-28T07:51:12","slug":"login","status":"publish","type":"page","link":"https:\/\/smzacisze.pl\/index.php\/login\/","title":{"rendered":"LOGIN"},"content":{"rendered":"<div class=\"auto-format ui--animation\"><p>Wy\u015bwietlenie tre\u015bci w zak\u0142adce wymaga zalogowania..<\/p>\n<\/div><div class=\"ui-row row\">\n <div   class=\"ui-column span6\"><div class=\"ui--title ui--animation ui--title-bordered text-center\"><div class=\"ui--title-holder\"><h3 class=\"ui--title-text\" style=\"color: #525252 !important;\">LOGOWANIE<\/h3><div style=\"border-color: #005ea1 !important;\" class=\"ui--title-borders ui--title-border-left\"><\/div><div style=\"border-color: #005ea1 !important;\" class=\"ui--title-borders ui--title-border-right\"><\/div><\/div><\/div><div class=\"ui--custom-login ui--pass\"><div id=\"login-form-container\" class=\"ui--custom-login login-form-container\">\n\n\t<form method=\"post\" class=\"login-form form-horizontal ui-row\">\n\n\t\t\n\t\t<div class=\"form-elements\">\n\t\t\t<div class=\"ui-row row\">\n\n\t\t\t\t<p class=\"control-group\">\n\t\t\t\t\t<label class=\"control-label ui--animation\" for=\"user_login\">U\u017cytkownik \/ Email<\/label>\n\t\t\t\t\t<span class=\"controls ui--animation\"><input tabindex=\"100\" type=\"text\" class=\"input-text\" name=\"log\" id=\"user_login\" value=\"\" \/><\/span>\n\t\t\t\t<\/p>\n\t\t\t\t<p class=\"control-group\">\n\n\t\t\t\t\t\t\t\t\t\t<small class=\"pull-right ui--animation\">\n\t\t\t\t\t\t<a tabindex=\"-1\" class=\"lost_password\" href=\"https:\/\/smzacisze.pl\/wp-login.php?action=lostpassword\">Straci\u0142e\u015b has\u0142o?<\/a>\n\t\t\t\t\t<\/small>\n\t\t\t\t\t\n\t\t\t\t\t<label class=\"control-label ui--animation\" for=\"user_pass\">Has\u0142o<\/label>\n\t\t\t\t\t<span class=\"controls ui--animation\"><input tabindex=\"100\" class=\"input-text\" type=\"password\" name=\"pwd\" id=\"user_pass\" \/><\/span>\n\t\t\t\t<\/p>\n\n\t\t\t\t\n\t\t\t<\/div>\n\t\t<\/div>\n\n\n\t\t<div class=\"custom-login-form-actions clearfix\">\n\t\t\t<input type=\"hidden\" id=\"_n\" name=\"_n\" value=\"cedc501846\" \/><input type=\"hidden\" name=\"_wp_http_referer\" value=\"\/index.php\/wp-json\/wp\/v2\/pages\/184\" \/>\t\t\t\n\t\t\t\n\t\t\t\n\t\t\t\n\t\t\t\t\t\t\t<p class=\"control-group pull-right\">\t\t\t\t<label class=\"control-label checkbox inline ui--animation\" for=\"rememberme\"><input tabindex=\"100\" type=\"checkbox\" name=\"rememberme\" id=\"rememberme\" value=\"forever\" \/> Zapami\u0119taj mnie!<\/label>\n\t\t\t<\/p>\n\t\t\t\t<p class=\"control-group pull-left\">\t\t\t\t<button type=\"submit\" class=\"ui--animation btn btn-6kvb5h3zw3 btn-custom-color\" tabindex=\"102\" name=\"wpt_login\" value=\"Login\" >Login<\/button>\n\t\t\t<\/p>\n\t\t\t\t<div class=\"clearfix\"><\/div>\n\t\t\t\t\t\t\t\n\t\t<\/div>\n\t<\/form>\n\t\n\t\n\t\n<\/div><\/div><\/div> \n\n <div   class=\"ui-column span6\"><div class=\"ui--title ui--animation ui--title-bordered text-center\"><div class=\"ui--title-holder\"><h3 class=\"ui--title-text\" style=\"color: #525252 !important;\">REJESTRACJA<\/h3><div style=\"border-color: #005ea1 !important;\" class=\"ui--title-borders ui--title-border-left\"><\/div><div style=\"border-color: #005ea1 !important;\" class=\"ui--title-borders ui--title-border-right\"><\/div><\/div><\/div><div role=\"form\" class=\"wpcf7\" id=\"wpcf7-f178-o1\" lang=\"pl-PL\" dir=\"ltr\">\n<div class=\"screen-reader-response\"><p role=\"status\" aria-live=\"polite\" aria-atomic=\"true\"><\/p> <ul><\/ul><\/div>\n<form action=\"\/index.php\/wp-json\/wp\/v2\/pages\/184#wpcf7-f178-o1\" method=\"post\" class=\"wpcf7-form init\" novalidate=\"novalidate\" data-status=\"init\">\n<div style=\"display: none;\">\n<input type=\"hidden\" name=\"_wpcf7\" value=\"178\" \/>\n<input type=\"hidden\" name=\"_wpcf7_version\" value=\"5.5.6\" \/>\n<input type=\"hidden\" name=\"_wpcf7_locale\" value=\"pl_PL\" \/>\n<input type=\"hidden\" name=\"_wpcf7_unit_tag\" value=\"wpcf7-f178-o1\" \/>\n<input type=\"hidden\" name=\"_wpcf7_container_post\" value=\"0\" \/>\n<input type=\"hidden\" name=\"_wpcf7_posted_data_hash\" value=\"\" \/>\n<\/div>\n<p><label> Imi\u0119 i nazwisko (wymagane)<br \/>\n    <span class=\"wpcf7-form-control-wrap your-name\"><input type=\"text\" name=\"your-name\" value=\"\" size=\"40\" class=\"wpcf7-form-control wpcf7-text wpcf7-validates-as-required\" aria-required=\"true\" aria-invalid=\"false\" \/><\/span> <\/label><\/p>\n<p><label> Adres email (wymagane)<br \/>\n    <span class=\"wpcf7-form-control-wrap your-email\"><input type=\"email\" name=\"your-email\" value=\"\" size=\"40\" class=\"wpcf7-form-control wpcf7-text wpcf7-email wpcf7-validates-as-required wpcf7-validates-as-email\" aria-required=\"true\" aria-invalid=\"false\" \/><\/span> <\/label><\/p>\n<p><label> Dok\u0142adny Adres Zamieszkania<br \/>\n     <span class=\"wpcf7-form-control-wrap textarea-463\"><textarea name=\"textarea-463\" cols=\"40\" rows=\"10\" class=\"wpcf7-form-control wpcf7-textarea wpcf7-validates-as-required\" aria-required=\"true\" aria-invalid=\"false\"><\/textarea><\/span><\/label><\/p>\n<p><input type=\"submit\" value=\"Wy\u015blij\" class=\"wpcf7-form-control has-spinner wpcf7-submit\" \/><\/p>\n<div class=\"wpcf7-response-output\" aria-hidden=\"true\"><\/div><\/form><\/div><\/div> \n\n<\/div> \n","protected":false},"excerpt":{"rendered":"<p>Wy\u015bwietlenie tre\u015bci w zak\u0142adce wymaga zalogowania.. LOGOWANIE U\u017cytkownik \/ Email Straci\u0142e\u015b has\u0142o? Has\u0142o Zapami\u0119taj mnie! Login REJESTRACJA Imi\u0119 i nazwisko (wymagane) Adres email (wymagane) Dok\u0142adny Adres Zamieszkania<\/p>\n","protected":false},"author":1,"featured_media":0,"parent":0,"menu_order":0,"comment_status":"closed","ping_status":"closed","template":"","meta":[],"_links":{"self":[{"href":"https:\/\/smzacisze.pl\/index.php\/wp-json\/wp\/v2\/pages\/184"}],"collection":[{"href":"https:\/\/smzacisze.pl\/index.php\/wp-json\/wp\/v2\/pages"}],"about":[{"href":"https:\/\/smzacisze.pl\/index.php\/wp-json\/wp\/v2\/types\/page"}],"author":[{"embeddable":true,"href":"https:\/\/smzacisze.pl\/index.php\/wp-json\/wp\/v2\/users\/1"}],"replies":[{"embeddable":true,"href":"https:\/\/smzacisze.pl\/index.php\/wp-json\/wp\/v2\/comments?post=184"}],"version-history":[{"count":2,"href":"https:\/\/smzacisze.pl\/index.php\/wp-json\/wp\/v2\/pages\/184\/revisions"}],"predecessor-version":[{"id":186,"href":"https:\/\/smzacisze.pl\/index.php\/wp-json\/wp\/v2\/pages\/184\/revisions\/186"}],"wp:attachment":[{"href":"https:\/\/smzacisze.pl\/index.php\/wp-json\/wp\/v2\/media?parent=184"}],"curies":[{"name":"wp","href":"https:\/\/api.w.org\/{rel}","templated":true}]}}