{"id":18,"date":"2017-04-24T22:09:10","date_gmt":"2017-04-24T20:09:10","guid":{"rendered":"http:\/\/smzacisze.pl\/?page_id=18"},"modified":"2024-06-26T09:37:39","modified_gmt":"2024-06-26T07:37:39","slug":"organy-spoldzielni","status":"publish","type":"page","link":"https:\/\/smzacisze.pl\/index.php\/organy-spoldzielni\/","title":{"rendered":"Organy Sp\u00f3\u0142dzielni"},"content":{"rendered":"<div class=\"ui-row row\">\n <div   class=\"ui-column span3\"><div id=\"nav_menu-3\" class=\"widget widget_nav_menu\"><h4 class=\"sidebar-widget-title ui--widget-title\"><span>SM ZACISZE<\/span><\/h4><div class=\"menu-spoldzielnia-container\"><ul id=\"menu-spoldzielnia\" class=\"menu\"><li id=\"menu-item-26\" class=\"menu-item menu-item-type-post_type menu-item-object-page menu-item-home menu-item-26\"><a href=\"https:\/\/smzacisze.pl\/\">Strona G\u0142\u00f3wna<\/a><\/li>\n<li id=\"menu-item-25\" class=\"menu-item menu-item-type-post_type menu-item-object-page menu-item-25\"><a href=\"https:\/\/smzacisze.pl\/index.php\/historia\/\">Historia<\/a><\/li>\n<li id=\"menu-item-24\" class=\"menu-item menu-item-type-post_type menu-item-object-page menu-item-24\"><a href=\"https:\/\/smzacisze.pl\/index.php\/zycie-spoldzielni\/\">\u017bycie Sp\u00f3\u0142dzielni<\/a><\/li>\n<li id=\"menu-item-23\" class=\"menu-item menu-item-type-post_type menu-item-object-page menu-item-23\"><a href=\"https:\/\/smzacisze.pl\/index.php\/organy-spoldzielni\/\">Organy Sp\u00f3\u0142dzielni<\/a><\/li>\n<li id=\"menu-item-22\" class=\"menu-item menu-item-type-post_type menu-item-object-page menu-item-22\"><a href=\"https:\/\/smzacisze.pl\/index.php\/kontakty\/\">Kontakt<\/a><\/li>\n<li id=\"menu-item-1834\" class=\"menu-item menu-item-type-post_type menu-item-object-page menu-item-1834\"><a href=\"https:\/\/smzacisze.pl\/index.php\/dyzury-czlonkow-rady-nadzorczej\/\">Dy\u017cury cz\u0142onk\u00f3w rady nadzorczej<\/a><\/li>\n<li id=\"menu-item-1676\" class=\"menu-item menu-item-type-post_type menu-item-object-page menu-item-1676\"><a href=\"https:\/\/smzacisze.pl\/index.php\/login\/\">Logowanie dla cz\u0142onk\u00f3w sp\u00f3\u0142dzielni<\/a><\/li>\n<\/ul><\/div><\/div><div id=\"nav_menu-4\" class=\"widget widget_nav_menu\"><h4 class=\"sidebar-widget-title ui--widget-title\"><span>INFORMACJE<\/span><\/h4><div class=\"menu-informacje-container\"><ul id=\"menu-informacje\" class=\"menu\"><li id=\"menu-item-59\" class=\"menu-item menu-item-type-post_type menu-item-object-page menu-item-59\"><a href=\"https:\/\/smzacisze.pl\/index.php\/informacje-i-ogloszenia\/\">Informacje i Og\u0142oszenia<\/a><\/li>\n<li id=\"menu-item-58\" class=\"menu-item menu-item-type-post_type menu-item-object-page menu-item-58\"><a href=\"https:\/\/smzacisze.pl\/index.php\/ciepla-woda-uzytkowa\/\">Ciep\u0142a Woda U\u017cytkowa<\/a><\/li>\n<li id=\"menu-item-57\" class=\"menu-item menu-item-type-post_type menu-item-object-page menu-item-57\"><a href=\"https:\/\/smzacisze.pl\/index.php\/przetargi\/\">Przetargi i lokale u\u017cytkowe<\/a><\/li>\n<li id=\"menu-item-56\" class=\"menu-item menu-item-type-post_type menu-item-object-page menu-item-56\"><a href=\"https:\/\/smzacisze.pl\/index.php\/wnioski-i-druki\/\">Wnioski i Druki<\/a><\/li>\n<li id=\"menu-item-54\" class=\"menu-item menu-item-type-post_type menu-item-object-page menu-item-54\"><a href=\"https:\/\/smzacisze.pl\/index.php\/statut-spoldzielni\/\">Statut Sp\u00f3\u0142dzielni<\/a><\/li>\n<li id=\"menu-item-53\" class=\"menu-item menu-item-type-post_type menu-item-object-page menu-item-53\"><a href=\"https:\/\/smzacisze.pl\/index.php\/regulamin-i-zmiany\/\">Regulaminy<\/a><\/li>\n<li id=\"menu-item-472\" class=\"menu-item menu-item-type-post_type menu-item-object-page menu-item-472\"><a href=\"https:\/\/smzacisze.pl\/index.php\/walne-zgromadzenie-2020\/\"><span style=\"color: #808080;\">Walne Zgromadzenie 2025<\/span><\/a><\/li>\n<li id=\"menu-item-52\" class=\"menu-item menu-item-type-post_type menu-item-object-page menu-item-52\"><a href=\"https:\/\/smzacisze.pl\/index.php\/uchwaly\/\"><span style=\"color: #808080;\">Uchwa\u0142y i Regulaminy<\/span><\/a><\/li>\n<li id=\"menu-item-267\" class=\"menu-item menu-item-type-post_type menu-item-object-page menu-item-267\"><a href=\"https:\/\/smzacisze.pl\/index.php\/sprawozdania-kontrole-itp\/\"><span style=\"color: #808080;\">Sprawozdania, kontrole itp.<\/span><\/a><\/li>\n<li id=\"menu-item-271\" class=\"menu-item menu-item-type-post_type menu-item-object-page menu-item-271\"><a href=\"https:\/\/smzacisze.pl\/index.php\/posiedzenia-rady-nadzorczej\/\"><span style=\"color: #808080;\">Posiedzenia Rady Nadzorczej<\/span><\/a><\/li>\n<li id=\"menu-item-51\" class=\"menu-item menu-item-type-post_type menu-item-object-page menu-item-51\"><a href=\"https:\/\/smzacisze.pl\/index.php\/sprawy-czlonkowskie\/\">Sprawy Cz\u0142onkowskie<\/a><\/li>\n<li id=\"menu-item-142\" class=\"menu-item menu-item-type-custom menu-item-object-custom menu-item-142\"><a>Ubezpiecz Mieszkanie<\/a><\/li>\n<li id=\"menu-item-982\" class=\"menu-item menu-item-type-custom menu-item-object-custom menu-item-982\"><a href=\"https:\/\/ebok.smzacisze.pl\/\">eBOOK \u2013 Kartoteka<\/a><\/li>\n<li id=\"menu-item-945\" class=\"menu-item menu-item-type-custom menu-item-object-custom menu-item-945\"><a href=\"https:\/\/smzacisze.imieszkaniec.pl\/\"><img style=\"width: 168px;\"src=\"https:\/\/smzacisze.imieszkaniec.pl\/assets\/images\/imieszkaniec-logo.svg\" \/><\/a><\/li>\n<li id=\"menu-item-2477\" class=\"menu-item menu-item-type-post_type menu-item-object-page menu-item-2477\"><a href=\"https:\/\/smzacisze.pl\/index.php\/informacje-i-ogloszenia\/\">INFORMACJE I OG\u0141OSZENIA<\/a><\/li>\n<\/ul><\/div><\/div><div id=\"text-10\" class=\"widget widget_text\"><h4 class=\"sidebar-widget-title ui--widget-title\"><span>KONTAKT<\/span><\/h4>\t\t\t<div class=\"textwidget\"><p><strong><i class=\"ui--icon fontawesome-map-marker\" style=\"margin-right: 5px;\"><\/i>Adres:<\/strong> ul Kochanowskiego 5<br \/>\n<strong><i class=\"ui--icon fontawesome-phone\" style=\"margin-right: 5px;\"><\/i>Tel:<\/strong> (71) 798 20 20<br \/>\n<strong><i class=\"ui--icon fontawesome-print\" style=\"margin-right: 5px;\"><\/i>Fax:<\/strong> (71) 798 20 21<br \/>\n<strong><i class=\"ui--icon fontawesome-envelope-alt\" style=\"margin-right: 5px;\"><\/i>E-mail:<\/strong>  zacisze@smzacisze.pl<\/p>\n<\/div>\n\t\t<\/div><\/div> \n\n <div   class=\"ui-column span9\"><div class=\"ui--title ui--animation ui--title-bordered text-left\"><div class=\"ui--title-holder\"><h3 class=\"ui--title-text\" style=\"color: #454545 !important;\">Walne Zgromadzenie<\/h3><div style=\"border-color: #113c69 !important;\" class=\"ui--title-borders ui--title-border-left\"><\/div><div style=\"border-color: #113c69 !important;\" class=\"ui--title-borders ui--title-border-right\"><\/div><\/div><\/div><div class=\"ui--title ui--animation ui--title-bordered text-left\"><div class=\"ui--title-holder\"><h3 class=\"ui--title-text\" style=\"color: #454545 !important;\">Rada nadzorcza<\/h3><div style=\"border-color: #113c69 !important;\" class=\"ui--title-borders ui--title-border-left\"><\/div><div style=\"border-color: #113c69 !important;\" class=\"ui--title-borders ui--title-border-right\"><\/div><\/div><\/div><div class=\"auto-format ui--animation\"><ol>\n<li><strong>Kania Zbigniew<\/strong> &#8211; <em>Przewodnicz\u0105cy Rady<\/em><\/li>\n<li><strong>Binkowski \u0141ukasz<\/strong>&#8211; <em>Zast\u0119pca Przewodnicz\u0105cego Rady<\/em><\/li>\n<li><strong>Dziedzic Krzysztof<\/strong> &#8211; <em>Sekretarz Rady<\/em><\/li>\n<li><strong>Bernacka Renata<\/strong> &#8211; <em>Cz\u0142onek Rady; Przewodnicz\u0105ca Komisji Rewizyjnej RN<\/em><\/li>\n<li><strong>Chojaczyk Andrzej<\/strong> &#8211; <em>Cz\u0142onek Rady; Cz\u0142onek Komisji GZM RN<\/em><\/li>\n<li><strong>Chrzanowski Aleksander<\/strong> &#8211; <em>Cz\u0142onek Rady; Wiceprzewodnicz\u0105cy Komisji Rewizyjnej RN<\/em><\/li>\n<li><strong>D\u0119bski Marek<\/strong> &#8211; <em>Cz\u0142onek Rady; Cz\u0142onek Komisji Rewizyjnej RN<\/em><\/li>\n<li><strong>Gierlach S\u0142awomir<\/strong> &#8211; <em>Cz\u0142onek Rady; Cz\u0142onek Komisji Rewizyjnej RN<\/em><\/li>\n<li><strong>Jaworski Janusz<\/strong>&#8211; <em>Cz\u0142onek Rady; Cz\u0142onek Komisji GZM RN<\/em><\/li>\n<li><strong>Konefa\u0142 Zbigniew<\/strong> &#8211; <em>Cz\u0142onek Rady;  Wiceprzewodnicz\u0105cy Komisji GZM RN<\/em><\/li>\n<li><strong>Krawiec Gra\u017cyna<\/strong> &#8211; <em>Cz\u0142onek Rady; Cz\u0142onek Komisji Rewizyjnej RN <\/em><\/li>\n<li><strong>Piasecka Bogus\u0142awa<\/strong> &#8211; <em>Cz\u0142onek Rady; Cz\u0142onek Komisji Rewizyjnej RN<\/em><\/li>\n<li><strong>Pietrzak Walerian<\/strong> &#8211; <em>Cz\u0142onek Rady; Cz\u0142onek Komisji GZM RN<\/em><\/li>\n<li><strong>Rybia\u0142ek Jan Leszek<\/strong> &#8211; <em>Cz\u0142onek Rady; Cz\u0142onek Komisji GZM RN<\/em><\/li>\n<li><strong>Sikora Zdzis\u0142aw<\/strong> &#8211; <em>Cz\u0142onek Rady; Przewodnicz\u0105cy Komisji GZM RN<\/em><\/li>\n<\/ol>\n<\/div><div class=\"ui--title ui--animation ui--title-bordered text-left\"><div class=\"ui--title-holder\"><h3 class=\"ui--title-text\" style=\"color: #454545 !important;\">Zarz\u0105d Sp\u00f3\u0142dzielni<\/h3><div style=\"border-color: #113c69 !important;\" class=\"ui--title-borders ui--title-border-left\"><\/div><div style=\"border-color: #113c69 !important;\" class=\"ui--title-borders ui--title-border-right\"><\/div><\/div><\/div><div class=\"auto-format ui--animation\"><ul>\n<li><strong>Prezes Zarz\u0105du<\/strong> &#8211; <em>Wojciech \u015awito\u0144<\/em><\/li>\n<li><strong>Zast\u0119pca Prezesa Zarz\u0105du<\/strong> &#8211; <em>W\u0142odzimierz Szostak<\/em><\/li>\n<li><strong>G\u0142\u00f3wna Ksi\u0119gowa, Cz\u0142onek Zarz\u0105du<\/strong> &#8211; <em>Ewelina Wojtowicz<\/em><\/li>\n<\/ul>\n<\/div><\/div> \n\n<\/div> \n","protected":false},"excerpt":{"rendered":"<p>SM ZACISZEStrona G\u0142\u00f3wna Historia \u017bycie Sp\u00f3\u0142dzielni Organy Sp\u00f3\u0142dzielni Kontakt Dy\u017cury cz\u0142onk\u00f3w rady nadzorczej Logowanie dla cz\u0142onk\u00f3w sp\u00f3\u0142dzielni INFORMACJEInformacje i Og\u0142oszenia Ciep\u0142a Woda U\u017cytkowa Przetargi i lokale u\u017cytkowe Wnioski i Druki Statut Sp\u00f3\u0142dzielni Regulaminy Walne Zgromadzenie 2025 Uchwa\u0142y i Regulaminy Sprawozdania, kontrole itp. Posiedzenia Rady Nadzorczej Sprawy Cz\u0142onkowskie Ubezpiecz Mieszkanie eBOOK \u2013 Kartoteka INFORMACJE I OG\u0141OSZENIA [&hellip;]<\/p>\n","protected":false},"author":1,"featured_media":0,"parent":0,"menu_order":0,"comment_status":"closed","ping_status":"closed","template":"","meta":[],"_links":{"self":[{"href":"https:\/\/smzacisze.pl\/index.php\/wp-json\/wp\/v2\/pages\/18"}],"collection":[{"href":"https:\/\/smzacisze.pl\/index.php\/wp-json\/wp\/v2\/pages"}],"about":[{"href":"https:\/\/smzacisze.pl\/index.php\/wp-json\/wp\/v2\/types\/page"}],"author":[{"embeddable":true,"href":"https:\/\/smzacisze.pl\/index.php\/wp-json\/wp\/v2\/users\/1"}],"replies":[{"embeddable":true,"href":"https:\/\/smzacisze.pl\/index.php\/wp-json\/wp\/v2\/comments?post=18"}],"version-history":[{"count":5,"href":"https:\/\/smzacisze.pl\/index.php\/wp-json\/wp\/v2\/pages\/18\/revisions"}],"predecessor-version":[{"id":2267,"href":"https:\/\/smzacisze.pl\/index.php\/wp-json\/wp\/v2\/pages\/18\/revisions\/2267"}],"wp:attachment":[{"href":"https:\/\/smzacisze.pl\/index.php\/wp-json\/wp\/v2\/media?parent=18"}],"curies":[{"name":"wp","href":"https:\/\/api.w.org\/{rel}","templated":true}]}}