{"id":14,"date":"2017-04-24T22:08:21","date_gmt":"2017-04-24T20:08:21","guid":{"rendered":"http:\/\/smzacisze.pl\/?page_id=14"},"modified":"2017-04-24T23:54:40","modified_gmt":"2017-04-24T21:54:40","slug":"historia","status":"publish","type":"page","link":"https:\/\/smzacisze.pl\/index.php\/historia\/","title":{"rendered":"Historia"},"content":{"rendered":"<div class=\"ui-row row\">\n <div   class=\"ui-column span3\"><div id=\"nav_menu-3\" class=\"widget widget_nav_menu\"><h4 class=\"sidebar-widget-title ui--widget-title\"><span>SM ZACISZE<\/span><\/h4><div class=\"menu-spoldzielnia-container\"><ul id=\"menu-spoldzielnia\" class=\"menu\"><li id=\"menu-item-26\" class=\"menu-item menu-item-type-post_type menu-item-object-page menu-item-home menu-item-26\"><a href=\"https:\/\/smzacisze.pl\/\">Strona G\u0142\u00f3wna<\/a><\/li>\n<li id=\"menu-item-25\" class=\"menu-item menu-item-type-post_type menu-item-object-page menu-item-25\"><a href=\"https:\/\/smzacisze.pl\/index.php\/historia\/\">Historia<\/a><\/li>\n<li id=\"menu-item-24\" class=\"menu-item menu-item-type-post_type menu-item-object-page menu-item-24\"><a href=\"https:\/\/smzacisze.pl\/index.php\/zycie-spoldzielni\/\">\u017bycie Sp\u00f3\u0142dzielni<\/a><\/li>\n<li id=\"menu-item-23\" class=\"menu-item menu-item-type-post_type menu-item-object-page menu-item-23\"><a href=\"https:\/\/smzacisze.pl\/index.php\/organy-spoldzielni\/\">Organy Sp\u00f3\u0142dzielni<\/a><\/li>\n<li id=\"menu-item-22\" class=\"menu-item menu-item-type-post_type menu-item-object-page menu-item-22\"><a href=\"https:\/\/smzacisze.pl\/index.php\/kontakty\/\">Kontakt<\/a><\/li>\n<li id=\"menu-item-1834\" class=\"menu-item menu-item-type-post_type menu-item-object-page menu-item-1834\"><a href=\"https:\/\/smzacisze.pl\/index.php\/dyzury-czlonkow-rady-nadzorczej\/\">Dy\u017cury cz\u0142onk\u00f3w rady nadzorczej<\/a><\/li>\n<li id=\"menu-item-1676\" class=\"menu-item menu-item-type-post_type menu-item-object-page menu-item-1676\"><a href=\"https:\/\/smzacisze.pl\/index.php\/login\/\">Logowanie dla cz\u0142onk\u00f3w sp\u00f3\u0142dzielni<\/a><\/li>\n<\/ul><\/div><\/div><div id=\"nav_menu-4\" class=\"widget widget_nav_menu\"><h4 class=\"sidebar-widget-title ui--widget-title\"><span>INFORMACJE<\/span><\/h4><div class=\"menu-informacje-container\"><ul id=\"menu-informacje\" class=\"menu\"><li id=\"menu-item-59\" class=\"menu-item menu-item-type-post_type menu-item-object-page menu-item-59\"><a href=\"https:\/\/smzacisze.pl\/index.php\/informacje-i-ogloszenia\/\">Informacje i Og\u0142oszenia<\/a><\/li>\n<li id=\"menu-item-58\" class=\"menu-item menu-item-type-post_type menu-item-object-page menu-item-58\"><a href=\"https:\/\/smzacisze.pl\/index.php\/ciepla-woda-uzytkowa\/\">Ciep\u0142a Woda U\u017cytkowa<\/a><\/li>\n<li id=\"menu-item-57\" class=\"menu-item menu-item-type-post_type menu-item-object-page menu-item-57\"><a href=\"https:\/\/smzacisze.pl\/index.php\/przetargi\/\">Przetargi i lokale u\u017cytkowe<\/a><\/li>\n<li id=\"menu-item-56\" class=\"menu-item menu-item-type-post_type menu-item-object-page menu-item-56\"><a href=\"https:\/\/smzacisze.pl\/index.php\/wnioski-i-druki\/\">Wnioski i Druki<\/a><\/li>\n<li id=\"menu-item-54\" class=\"menu-item menu-item-type-post_type menu-item-object-page menu-item-54\"><a href=\"https:\/\/smzacisze.pl\/index.php\/statut-spoldzielni\/\">Statut Sp\u00f3\u0142dzielni<\/a><\/li>\n<li id=\"menu-item-53\" class=\"menu-item menu-item-type-post_type menu-item-object-page menu-item-53\"><a href=\"https:\/\/smzacisze.pl\/index.php\/regulamin-i-zmiany\/\">Regulaminy<\/a><\/li>\n<li id=\"menu-item-472\" class=\"menu-item menu-item-type-post_type menu-item-object-page menu-item-472\"><a href=\"https:\/\/smzacisze.pl\/index.php\/walne-zgromadzenie-2020\/\"><span style=\"color: #808080;\">Walne Zgromadzenie 2025<\/span><\/a><\/li>\n<li id=\"menu-item-52\" class=\"menu-item menu-item-type-post_type menu-item-object-page menu-item-52\"><a href=\"https:\/\/smzacisze.pl\/index.php\/uchwaly\/\"><span style=\"color: #808080;\">Uchwa\u0142y i Regulaminy<\/span><\/a><\/li>\n<li id=\"menu-item-267\" class=\"menu-item menu-item-type-post_type menu-item-object-page menu-item-267\"><a href=\"https:\/\/smzacisze.pl\/index.php\/sprawozdania-kontrole-itp\/\"><span style=\"color: #808080;\">Sprawozdania, kontrole itp.<\/span><\/a><\/li>\n<li id=\"menu-item-271\" class=\"menu-item menu-item-type-post_type menu-item-object-page menu-item-271\"><a href=\"https:\/\/smzacisze.pl\/index.php\/posiedzenia-rady-nadzorczej\/\"><span style=\"color: #808080;\">Posiedzenia Rady Nadzorczej<\/span><\/a><\/li>\n<li id=\"menu-item-51\" class=\"menu-item menu-item-type-post_type menu-item-object-page menu-item-51\"><a href=\"https:\/\/smzacisze.pl\/index.php\/sprawy-czlonkowskie\/\">Sprawy Cz\u0142onkowskie<\/a><\/li>\n<li id=\"menu-item-142\" class=\"menu-item menu-item-type-custom menu-item-object-custom menu-item-142\"><a>Ubezpiecz Mieszkanie<\/a><\/li>\n<li id=\"menu-item-982\" class=\"menu-item menu-item-type-custom menu-item-object-custom menu-item-982\"><a href=\"https:\/\/ebok.smzacisze.pl\/\">eBOOK \u2013 Kartoteka<\/a><\/li>\n<li id=\"menu-item-945\" class=\"menu-item menu-item-type-custom menu-item-object-custom menu-item-945\"><a href=\"https:\/\/smzacisze.imieszkaniec.pl\/\"><img style=\"width: 168px;\"src=\"https:\/\/smzacisze.imieszkaniec.pl\/assets\/images\/imieszkaniec-logo.svg\" \/><\/a><\/li>\n<li id=\"menu-item-2477\" class=\"menu-item menu-item-type-post_type menu-item-object-page menu-item-2477\"><a href=\"https:\/\/smzacisze.pl\/index.php\/informacje-i-ogloszenia\/\">INFORMACJE I OG\u0141OSZENIA<\/a><\/li>\n<\/ul><\/div><\/div><div id=\"text-10\" class=\"widget widget_text\"><h4 class=\"sidebar-widget-title ui--widget-title\"><span>KONTAKT<\/span><\/h4>\t\t\t<div class=\"textwidget\"><p><strong><i class=\"ui--icon fontawesome-map-marker\" style=\"margin-right: 5px;\"><\/i>Adres:<\/strong> ul Kochanowskiego 5<br \/>\n<strong><i class=\"ui--icon fontawesome-phone\" style=\"margin-right: 5px;\"><\/i>Tel:<\/strong> (71) 798 20 20<br \/>\n<strong><i class=\"ui--icon fontawesome-print\" style=\"margin-right: 5px;\"><\/i>Fax:<\/strong> (71) 798 20 21<br \/>\n<strong><i class=\"ui--icon fontawesome-envelope-alt\" style=\"margin-right: 5px;\"><\/i>E-mail:<\/strong>  zacisze@smzacisze.pl<\/p>\n<\/div>\n\t\t<\/div><\/div> \n\n <div   class=\"ui-column span9\"><div class=\"ui--title ui--animation ui--title-bordered text-left\"><div class=\"ui--title-holder\"><h3 class=\"ui--title-text\" style=\"color: #454545 !important;\">HISTORIA SM ZACISZE<\/h3><div style=\"border-color: #113c69 !important;\" class=\"ui--title-borders ui--title-border-left\"><\/div><div style=\"border-color: #113c69 !important;\" class=\"ui--title-borders ui--title-border-right\"><\/div><\/div><\/div><div class=\"auto-format ui--animation\"><p style=\"text-align: justify;\">Sp\u00f3\u0142dzielnia Mieszkaniowa \u201eZacisze\u201d w Ole\u015bnicy powsta\u0142a ponad p\u00f3\u0142 wieku temu. Sw\u0105 dzia\u0142alno\u015b\u0107 Sp\u00f3\u0142dzielnia rozpocz\u0119\u0142a w 1961 roku. Jej baz\u0105 by\u0142y 3 bloki odkupione od Rady Narodowej. \u00a0Pierwszym Prezesem by\u0142 Piotr Sebastian (1961-1964).<\/p>\n<p style=\"text-align: justify;\">Sze\u015bciokrotny przyrost ludno\u015bci Ole\u015bnicy oraz regulacje prawne z 1965 roku sprawi\u0142y, \u017ce Sp\u00f3\u0142dzielnia rozpocz\u0119\u0142a budow\u0119 dom\u00f3w w\u0142asnych. W latach 1966-67 powsta\u0142o pierwsze osiedle sp\u00f3\u0142dzielcze dla 280 rodzin (ul. ks. Fr. Sudo\u0142a 19-26 i ul. Prosta 2-7). Fakty dokonane nobilitowa\u0142y w \u015brodowisku Sp\u00f3\u0142dzielni\u0119 i prezesa J\u00f3zefa Muraczewskiego (1965-1969).<\/p>\n<p style=\"text-align: justify;\">Dynamiczny rozw\u00f3j przemys\u0142u i przyrost ludno\u015bci w latach 70-tych generowa\u0142 procesy urbanizacyjne. Sp\u00f3\u0142dzielnia ros\u0142a w si\u0142\u0119. Lata 1970-73 to narodziny Zielonego Osiedla i 567 sp\u00f3\u0142dzielczych mieszka\u0144 w rejonie ulic \u017beromskiego, Mickiewicza, 3 Maja i Kili\u0144skiego. Sp\u00f3\u0142dzielnia przybra\u0142a nazw\u0119 \u201eZacisze\u201d, sta\u0142a si\u0119 kooperatyw\u0105 lokatorsko-w\u0142asno\u015bciow\u0105, powo\u0142a\u0142a jako swoj\u0105 agend\u0119\u00a0 Zak\u0142ad Budowlano-Remontowy i o\u015brodek spo\u0142eczno-wychowawczy \u201eKorelat\u201d. Cz\u0119\u015b\u0107 mocy przerobowych przeniesiono deglomeracyjnie do Bierutowa.<\/p>\n<p style=\"text-align: justify;\">\u0141\u0105cznie dorobek \u201eZacisza\u201d w czasie, kiedy prezesowa\u0142 J\u00f3zef Menzel wynosi\u0142 16 budynk\u00f3w (14 Ole\u015bnica, 2 Bierut\u00f3w), w nich 646 mieszka\u0144 o powierzchni u\u017cytkowej 35 539 m<sup>2<\/sup>.<\/p>\n<p style=\"text-align: justify;\">Lata 1974-79 by\u0142y okresem niebywale nasilonej dzia\u0142alno\u015bci inwestycyjno \u2013 budowlanej \u201eZacisza\u201d. Obowi\u0105zuj\u0105ca w kraju technologia wielkiej p\u0142yty u\u0142atwia\u0142a \u201eprodukcj\u0119\u201d dom\u00f3w, cho\u0107 p\u00f3\u017aniej wymusi\u0142o to kosztowne programy naprawcze. Du\u017cym wyzwaniem dla \u201eZacisza\u201d i prezesa Janusza Ludowicza sta\u0142a si\u0119 budowa najwi\u0119kszego, bo dla 198 rodzin, wie\u017cowca w mie\u015bcie przy ulicy Pl. Zwyci\u0119stwa 1 oraz uko\u0144czenie mniejszego, licz\u0105cego 110 mieszka\u0144 wysoko\u015bciowca przy ulicy Klonowej 12. Plac Zwyci\u0119stwa i sp\u00f3\u0142dzielcze osiedle Klonowa bardzo szybko sta\u0142y si\u0119 wizyt\u00f3wkami Ole\u015bnicy. Dorobek sp\u00f3\u0142dzielni w latach 1974-79 to 833 mieszka\u0144 o \u0142\u0105cznej powierzchni u\u017cytkowej \u00a0\u00a0\u00a046 845m<sup>2<\/sup>.<\/p>\n<p style=\"text-align: justify;\">Zarz\u0105d i prezes Boles\u0142aw Dopiera\u0142a kontynuowali dzie\u0142o poprzednika. Wie\u017cowce przy Klonowej to sp\u00f3\u0142dzielcze mieszkania dla 221 rodzin. Wschodni kierunek budowlanej ofensywy \u201eZacisza\u201d zaowocowa\u0142 zbudowanym w latach 1981-86 osiedlem Serbin\u00f3w. Zaostrzenie przepis\u00f3w w zakresie wymog\u00f3w termicznych wymusi\u0142o kosztowne termorenowacje i opracowanie technologii kasetonowej. W latach 1985-88 w tej technologii zbudowano 5 dom\u00f3w z 260 mieszkaniami.<\/p>\n<p style=\"text-align: justify;\">Dorobek Zacisza z lat 1979-88 to 1304 mieszka\u0144 sp\u00f3\u0142dzielczych w Ole\u015bnicy oraz 231 mieszka\u0144 w Bierutowie o \u0142\u0105cznej powierzchni u\u017cytkowej 118 786 m<sup>2<\/sup>!<\/p>\n<p style=\"text-align: justify;\">Zmiana ustroju pa\u0144stwowego po 1989 roku zobowi\u0105zywa\u0142a Sp\u00f3\u0142dzielni\u0119 i prezesa Eugeniusza Duszy\u0144skiego do podj\u0119cia zada\u0144 adaptacyjnych. Krytyczna ocena wielkop\u0142ytowej \u201eprodukcji\u201d dom\u00f3w da\u0142a preferencje technologii kasetonowej. W efekcie w roku 1990-91 \u201eZacisze\u201d, niejako z rozp\u0119du, zbudowa\u0142o w technologii wielkiej p\u0142yty 24 mieszkania \u2013 i a\u017c 175 mieszka\u0144 z u\u017cyciem kaseton\u00f3w. Sztandarowym przyk\u0142adem hybrydy \u0142\u0105cz\u0105cej technologi\u0119 wielkop\u0142ytow\u0105 z przywr\u00f3conym do \u0142ask budownictwem tradycyjnym sta\u0142 si\u0119 pi\u0119kny zesp\u00f3\u0142 budynk\u00f3w przy ulicy Szkolna-Okr\u0119\u017cna.<\/p>\n<p style=\"text-align: justify;\">Technologia tradycyjna znalaz\u0142a te\u017c uznanie w oczach prezesa W\u0142odzimierza Obieg\u0142o, pod rz\u0105dami kt\u00f3rego cztery budynki [z sze\u015bciu] zbudowano w tej technologii.<\/p>\n<p style=\"text-align: justify;\">Od wczesnych lat 90-tych nowy Zarz\u0105d i Prezes musieli stawi\u0107 czo\u0142a surowym prawom ekonomii. System inwestycji bezkredytowych wywo\u0142a\u0142 regres w budownictwie sp\u00f3\u0142dzielczym. W tej sytuacji przyj\u0119to do realizacji program szeroko rozumianej modernizacji zasob\u00f3w oraz rozpocz\u0119to prace wdro\u017ceniowe programu restrukturyzacji Sp\u00f3\u0142dzielni. Rachunek ekonomiczny nakaza\u0142 likwidacj\u0119 ZBR-u, sprywatyzowanie, za zgod\u0105 stron, Zespo\u0142u Konserwator\u00f3w, ograniczenie do niezb\u0119dnego minimum liczby zatrudnionych.<\/p>\n<p style=\"text-align: justify;\">Dzi\u015b \u201eZacisze\u201d zarz\u0105dza 3976 mieszkaniami, w tym 291 w Bierutowie. W 71 budynkach mieszkalnych sp\u00f3\u0142dzielni mieszka ok. 8\u00a0500 os\u00f3b, w tym w Bierutowie w 8 budynkach ok. 550 os\u00f3b. Powierzchnia u\u017cytkowa mieszka\u0144 w naszych zasobach to ponad 200 tys. m2. Posiadane lokale u\u017cytkowe generuj\u0105 zysk, kt\u00f3ry obni\u017ca koszty eksploatacji oraz zasila fundusz remontowy.<br \/>\nSp\u00f3\u0142dzielnia od lat dba o nale\u017cyty stan techniczny budynk\u00f3w i w miar\u0119 mo\u017cliwo\u015bci je modernizuje. Rozpocz\u0119\u0142o si\u0119 to od pierwszych ocieple\u0144 jeszcze w latach 80. P\u00f3\u017aniej modernizowana by\u0142a instalacja c.o. (w\u0119z\u0142y cieplne, automatyka cieplna i pogodowa, wymieniane odcinki sieci ciep\u0142owniczej, kot\u0142ownie w Bierutowie, wewn\u0119trzna instalacja w budynkach). Kolejnym etapem by\u0142a kontynuacja docieple\u0144 budynk\u00f3w, ocieplenie stropodach\u00f3w, ale r\u00f3wnie\u017c przeprowadzona w ca\u0142ych zasobach wymian pokry\u0107 dachowych dach\u00f3w p\u0142askich. Przez ostatnie lata uda\u0142o si\u0119 nam wyremontowa\u0107 nawierzchnie wi\u0119kszo\u015bci chodnik\u00f3w osiedlowych, wymieni\u0107 na nowe drzwi do klatek schodowych oraz okna na klatkach schodowych, a w wi\u0119kszo\u015bci budynk\u00f3w r\u00f3wnie\u017c okienka piwniczne. Jeste\u015bmy w trakcie modernizacji domofon\u00f3w, zbiorcza instalacja antenowa jest przystosowana do odbioru naziemnej telewizji cyfrowej. W mieszkaniach zamontowane s\u0105 podzielniki ciep\u0142a i wodomierze z mo\u017cliwo\u015bci\u0105 odczytu radiowego. Na bie\u017c\u0105co jest kontrolowany stan techniczny instalacji gazowej. Stan instalacji wodnej i kanalizacyjnej w naszych zasobach jest dobry. W najstarszych budynkach wymieniamy fragmenty rur wodoci\u0105gowych, kt\u00f3re mog\u0142yby grozi\u0107 awari\u0105, oraz fragmenty pion\u00f3w kanalizacyjnych. Rozpocz\u0119li\u015bmy du\u017cy program modernizacji WLZ \u2013 wewn\u0119trznych linii zasilaj\u0105cych w energi\u0119 elektryczn\u0105 w budynku. Modernizacja obejmuje dostosowanie do obecnie obowi\u0105zuj\u0105cych przepis\u00f3w i rozwi\u0105za\u0144 technicznych element\u00f3w instalacji elektrycznej na odcinku od przy\u0142\u0105cza energetycznego budynku do tablicy bezpiecznikowej w mieszkaniach. Od roku 2016 w Sp\u00f3\u0142dzielni trwa likwidacja gazowych przep\u0142ywowych podgrzewaczy wody w mieszkaniach i zast\u0119powanie ich zbiorcz\u0105 instalacj\u0105 ciep\u0142ej wody u\u017cytkowej.<\/p>\n<\/div><\/div> \n\n<\/div> \n","protected":false},"excerpt":{"rendered":"<p>SM ZACISZEStrona G\u0142\u00f3wna Historia \u017bycie Sp\u00f3\u0142dzielni Organy Sp\u00f3\u0142dzielni Kontakt Dy\u017cury cz\u0142onk\u00f3w rady nadzorczej Logowanie dla cz\u0142onk\u00f3w sp\u00f3\u0142dzielni INFORMACJEInformacje i Og\u0142oszenia Ciep\u0142a Woda U\u017cytkowa Przetargi i lokale u\u017cytkowe Wnioski i Druki Statut Sp\u00f3\u0142dzielni Regulaminy Walne Zgromadzenie 2025 Uchwa\u0142y i Regulaminy Sprawozdania, kontrole itp. Posiedzenia Rady Nadzorczej Sprawy Cz\u0142onkowskie Ubezpiecz Mieszkanie eBOOK \u2013 Kartoteka INFORMACJE I OG\u0141OSZENIA [&hellip;]<\/p>\n","protected":false},"author":1,"featured_media":0,"parent":0,"menu_order":0,"comment_status":"closed","ping_status":"closed","template":"","meta":[],"_links":{"self":[{"href":"https:\/\/smzacisze.pl\/index.php\/wp-json\/wp\/v2\/pages\/14"}],"collection":[{"href":"https:\/\/smzacisze.pl\/index.php\/wp-json\/wp\/v2\/pages"}],"about":[{"href":"https:\/\/smzacisze.pl\/index.php\/wp-json\/wp\/v2\/types\/page"}],"author":[{"embeddable":true,"href":"https:\/\/smzacisze.pl\/index.php\/wp-json\/wp\/v2\/users\/1"}],"replies":[{"embeddable":true,"href":"https:\/\/smzacisze.pl\/index.php\/wp-json\/wp\/v2\/comments?post=14"}],"version-history":[{"count":1,"href":"https:\/\/smzacisze.pl\/index.php\/wp-json\/wp\/v2\/pages\/14\/revisions"}],"predecessor-version":[{"id":15,"href":"https:\/\/smzacisze.pl\/index.php\/wp-json\/wp\/v2\/pages\/14\/revisions\/15"}],"wp:attachment":[{"href":"https:\/\/smzacisze.pl\/index.php\/wp-json\/wp\/v2\/media?parent=14"}],"curies":[{"name":"wp","href":"https:\/\/api.w.org\/{rel}","templated":true}]}}